{"id":25780,"date":"2025-06-14T17:50:43","date_gmt":"2025-06-14T15:50:43","guid":{"rendered":"https:\/\/mystikus.dsignpoint.com\/producto\/pendente-mao-de-figa-preta-em-prata\/"},"modified":"2025-06-14T17:50:43","modified_gmt":"2025-06-14T15:50:43","slug":"pendente-mao-de-figa-preta-em-prata","status":"publish","type":"product","link":"https:\/\/mystikus.dsignpoint.com\/pt-pt\/producto\/pendente-mao-de-figa-preta-em-prata\/","title":{"rendered":"Pendente M\u00e3o de F\u00edga Preta em Prata"},"content":{"rendered":"<p data-start=\"333\" data-end=\"413\"><strong data-start=\"333\" data-end=\"413\">Pendente M\u00e3o de F\u00edga \u2013 Amuleto de Prote\u00e7\u00e3o contra o Mau-Olhado e a Inveja<\/strong><\/p>\n<p data-start=\"415\" data-end=\"619\">A M\u00e3o de F\u00edga (ou &#8220;m\u00e3o fico&#8221;) \u00e9 um antigo talism\u00e3 de origem mediterr\u00e2nica e afro-brasileira, usado tradicionalmente como <strong data-start=\"535\" data-end=\"618\">s\u00edmbolo de prote\u00e7\u00e3o contra o azar, o mau-olhado e as m\u00e1s energias<\/strong>.<\/p>\n<p data-start=\"621\" data-end=\"870\">Este pendente, com forma de punho fechado e o polegar entre os dedos, representa um gesto de for\u00e7a, defesa e energia vital. Confecionado em material escuro e com detalhes em metal, combina o simbolismo ancestral com um design moderno e poderoso. <\/p>\n<p data-start=\"872\" data-end=\"966\">Ideal para usar contigo diariamente ou como presente carregado de inten\u00e7\u00e3o e prote\u00e7\u00e3o espiritual.<\/p>\n<p data-start=\"968\" data-end=\"1065\"><strong data-start=\"968\" data-end=\"1065\">Leva contigo a for\u00e7a do ancestral e mant\u00e9m a tua energia a salvo de influ\u00eancias negativas.<\/strong><\/p>\n","protected":false},"excerpt":{"rendered":"<p>Pendente M\u00e3o de F\u00edga Preta em Prata<\/p>\n<p>Tamanho 1,5 cm<\/p>\n","protected":false},"featured_media":23586,"comment_status":"open","ping_status":"closed","template":"","meta":[],"product_brand":[],"product_cat":[227,226],"product_tag":[],"class_list":{"0":"post-25780","1":"product","2":"type-product","3":"status-publish","4":"has-post-thumbnail","6":"product_cat-prata","7":"product_cat-talismas-e-amuletos","9":"first","10":"instock","11":"shipping-taxable","12":"purchasable","13":"product-type-simple"},"_links":{"self":[{"href":"https:\/\/mystikus.dsignpoint.com\/pt-pt\/wp-json\/wp\/v2\/product\/25780","targetHints":{"allow":["GET"]}}],"collection":[{"href":"https:\/\/mystikus.dsignpoint.com\/pt-pt\/wp-json\/wp\/v2\/product"}],"about":[{"href":"https:\/\/mystikus.dsignpoint.com\/pt-pt\/wp-json\/wp\/v2\/types\/product"}],"replies":[{"embeddable":true,"href":"https:\/\/mystikus.dsignpoint.com\/pt-pt\/wp-json\/wp\/v2\/comments?post=25780"}],"wp:featuredmedia":[{"embeddable":true,"href":"https:\/\/mystikus.dsignpoint.com\/pt-pt\/wp-json\/wp\/v2\/media\/23586"}],"wp:attachment":[{"href":"https:\/\/mystikus.dsignpoint.com\/pt-pt\/wp-json\/wp\/v2\/media?parent=25780"}],"wp:term":[{"taxonomy":"product_brand","embeddable":true,"href":"https:\/\/mystikus.dsignpoint.com\/pt-pt\/wp-json\/wp\/v2\/product_brand?post=25780"},{"taxonomy":"product_cat","embeddable":true,"href":"https:\/\/mystikus.dsignpoint.com\/pt-pt\/wp-json\/wp\/v2\/product_cat?post=25780"},{"taxonomy":"product_tag","embeddable":true,"href":"https:\/\/mystikus.dsignpoint.com\/pt-pt\/wp-json\/wp\/v2\/product_tag?post=25780"}],"curies":[{"name":"wp","href":"https:\/\/api.w.org\/{rel}","templated":true}]}}