{"id":25814,"date":"2025-06-14T17:14:59","date_gmt":"2025-06-14T15:14:59","guid":{"rendered":"https:\/\/mystikus.dsignpoint.com\/producto\/anel-com-cristal-de-rocha\/"},"modified":"2025-06-14T17:14:59","modified_gmt":"2025-06-14T15:14:59","slug":"anel-com-cristal-de-rocha","status":"publish","type":"product","link":"https:\/\/mystikus.dsignpoint.com\/pt-pt\/producto\/anel-com-cristal-de-rocha\/","title":{"rendered":"Anel com cristal de rocha"},"content":{"rendered":"<p>Tamanho ajust\u00e1vel.<\/p>\n<p><em>*Este produto n\u00e3o cont\u00e9m n\u00edquel, chumbo nem c\u00e1dmio, o que significa que estes elementos n\u00e3o est\u00e3o presentes, nem nas quantidades limitadas permitidas pelas normas europeias de seguran\u00e7a dos produtos (REACH).<\/em><\/p>\n<p><em>Trata-se de um produto natural, pelo que a cor e a transpar\u00eancia podem variar e diferir da imagem mostrada.<\/em><\/p>\n","protected":false},"excerpt":{"rendered":"<p>Tamanho ajust\u00e1vel.<\/p>\n<div class=\"spec-desc\">Material Lat\u00e3o<\/div>\n","protected":false},"featured_media":23619,"comment_status":"open","ping_status":"closed","template":"","meta":[],"product_brand":[],"product_cat":[213,111],"product_tag":[],"class_list":{"0":"post-25814","1":"product","2":"type-product","3":"status-publish","4":"has-post-thumbnail","6":"product_cat-aneis","7":"product_cat-minerais-e-joias","9":"first","10":"instock","11":"shipping-taxable","12":"purchasable","13":"product-type-simple"},"_links":{"self":[{"href":"https:\/\/mystikus.dsignpoint.com\/pt-pt\/wp-json\/wp\/v2\/product\/25814","targetHints":{"allow":["GET"]}}],"collection":[{"href":"https:\/\/mystikus.dsignpoint.com\/pt-pt\/wp-json\/wp\/v2\/product"}],"about":[{"href":"https:\/\/mystikus.dsignpoint.com\/pt-pt\/wp-json\/wp\/v2\/types\/product"}],"replies":[{"embeddable":true,"href":"https:\/\/mystikus.dsignpoint.com\/pt-pt\/wp-json\/wp\/v2\/comments?post=25814"}],"wp:featuredmedia":[{"embeddable":true,"href":"https:\/\/mystikus.dsignpoint.com\/pt-pt\/wp-json\/wp\/v2\/media\/23619"}],"wp:attachment":[{"href":"https:\/\/mystikus.dsignpoint.com\/pt-pt\/wp-json\/wp\/v2\/media?parent=25814"}],"wp:term":[{"taxonomy":"product_brand","embeddable":true,"href":"https:\/\/mystikus.dsignpoint.com\/pt-pt\/wp-json\/wp\/v2\/product_brand?post=25814"},{"taxonomy":"product_cat","embeddable":true,"href":"https:\/\/mystikus.dsignpoint.com\/pt-pt\/wp-json\/wp\/v2\/product_cat?post=25814"},{"taxonomy":"product_tag","embeddable":true,"href":"https:\/\/mystikus.dsignpoint.com\/pt-pt\/wp-json\/wp\/v2\/product_tag?post=25814"}],"curies":[{"name":"wp","href":"https:\/\/api.w.org\/{rel}","templated":true}]}}