{"id":25840,"date":"2025-06-14T16:37:31","date_gmt":"2025-06-14T14:37:31","guid":{"rendered":"https:\/\/mystikus.dsignpoint.com\/producto\/cruz-celta-em-prata\/"},"modified":"2025-06-14T16:37:31","modified_gmt":"2025-06-14T14:37:31","slug":"cruz-celta-em-prata","status":"publish","type":"product","link":"https:\/\/mystikus.dsignpoint.com\/pt-pt\/producto\/cruz-celta-em-prata\/","title":{"rendered":"Cruz Celta em Prata"},"content":{"rendered":"<p data-start=\"89\" data-end=\"208\"><strong data-start=\"117\" data-end=\"131\">Cruz Celta<\/strong>, decorada com elementos caracter\u00edsticos da arte medieval celta e crist\u00e3.<\/p>\n<h3 data-start=\"210\" data-end=\"241\">Caracter\u00edsticas destacadas:<\/h3>\n<ul data-start=\"242\" data-end=\"699\">\n<li data-start=\"242\" data-end=\"401\">\n<p data-start=\"244\" data-end=\"401\"><strong data-start=\"244\" data-end=\"291\">Forma de cruz latina com um c\u00edrculo central<\/strong>, t\u00edpica da <strong data-start=\"306\" data-end=\"320\">Cruz Celta<\/strong>, que simboliza a uni\u00e3o entre o c\u00e9u e a terra, o espiritual e o material.<\/p>\n<\/li>\n<li data-start=\"402\" data-end=\"503\">\n<p data-start=\"404\" data-end=\"503\"><strong data-start=\"404\" data-end=\"456\">Detalhes em relevo com n\u00f3s celtas e cora\u00e7\u00f5es<\/strong>, que representam prote\u00e7\u00e3o, eternidade e amor.<\/p>\n<\/li>\n<li data-start=\"504\" data-end=\"699\">\n<p data-start=\"506\" data-end=\"699\"><strong data-start=\"506\" data-end=\"559\">S\u00edmbolo central com uma cruz dentro de um c\u00edrculo<\/strong>, rodeado de pontos, que lembra a <strong data-start=\"598\" data-end=\"619\">Cruz de Jerusal\u00e9m<\/strong>, um antigo s\u00edmbolo crist\u00e3o associado \u00e0s Cruzadas e \u00e0 prote\u00e7\u00e3o divina.<\/p>\n<\/li>\n<\/ul>\n<h3 data-start=\"701\" data-end=\"743\">Interpreta\u00e7\u00e3o esot\u00e9rica e espiritual:<\/h3>\n<p data-start=\"744\" data-end=\"988\">Esta cruz pode ser considerada um <strong data-start=\"776\" data-end=\"850\">talism\u00e3 de prote\u00e7\u00e3o espiritual, equil\u00edbrio e conex\u00e3o com o divino<\/strong>, com ra\u00edzes tanto no cristianismo como na tradi\u00e7\u00e3o celta, que honra a natureza, os ciclos da vida e a sabedoria ancestral.<\/p>\n","protected":false},"excerpt":{"rendered":"<p>Cruz Celta em Prata \u2013 tamanho 4&#215;2,5 cm.<\/p>\n<p>Corrente em Couro<\/p>\n","protected":false},"featured_media":23565,"comment_status":"open","ping_status":"closed","template":"","meta":[],"product_brand":[],"product_cat":[227,226],"product_tag":[],"class_list":{"0":"post-25840","1":"product","2":"type-product","3":"status-publish","4":"has-post-thumbnail","6":"product_cat-prata","7":"product_cat-talismas-e-amuletos","9":"first","10":"instock","11":"shipping-taxable","12":"purchasable","13":"product-type-simple"},"_links":{"self":[{"href":"https:\/\/mystikus.dsignpoint.com\/pt-pt\/wp-json\/wp\/v2\/product\/25840","targetHints":{"allow":["GET"]}}],"collection":[{"href":"https:\/\/mystikus.dsignpoint.com\/pt-pt\/wp-json\/wp\/v2\/product"}],"about":[{"href":"https:\/\/mystikus.dsignpoint.com\/pt-pt\/wp-json\/wp\/v2\/types\/product"}],"replies":[{"embeddable":true,"href":"https:\/\/mystikus.dsignpoint.com\/pt-pt\/wp-json\/wp\/v2\/comments?post=25840"}],"wp:featuredmedia":[{"embeddable":true,"href":"https:\/\/mystikus.dsignpoint.com\/pt-pt\/wp-json\/wp\/v2\/media\/23565"}],"wp:attachment":[{"href":"https:\/\/mystikus.dsignpoint.com\/pt-pt\/wp-json\/wp\/v2\/media?parent=25840"}],"wp:term":[{"taxonomy":"product_brand","embeddable":true,"href":"https:\/\/mystikus.dsignpoint.com\/pt-pt\/wp-json\/wp\/v2\/product_brand?post=25840"},{"taxonomy":"product_cat","embeddable":true,"href":"https:\/\/mystikus.dsignpoint.com\/pt-pt\/wp-json\/wp\/v2\/product_cat?post=25840"},{"taxonomy":"product_tag","embeddable":true,"href":"https:\/\/mystikus.dsignpoint.com\/pt-pt\/wp-json\/wp\/v2\/product_tag?post=25840"}],"curies":[{"name":"wp","href":"https:\/\/api.w.org\/{rel}","templated":true}]}}