{"id":25850,"date":"2025-06-14T14:53:51","date_gmt":"2025-06-14T12:53:51","guid":{"rendered":"https:\/\/mystikus.dsignpoint.com\/producto\/pendente-estrela-de-5-pontas-com-nos-celtas-e-lua-prata\/"},"modified":"2025-06-14T14:53:51","modified_gmt":"2025-06-14T12:53:51","slug":"pendente-estrela-de-5-pontas-com-nos-celtas-e-lua-prata","status":"publish","type":"product","link":"https:\/\/mystikus.dsignpoint.com\/pt-pt\/producto\/pendente-estrela-de-5-pontas-com-nos-celtas-e-lua-prata\/","title":{"rendered":"Pendente Estrela de 5 Pontas com N\u00f3s Celtas e Lua Prata"},"content":{"rendered":"<p data-start=\"112\" data-end=\"225\"><strong data-start=\"112\" data-end=\"225\">Pendente Estrela de 5 Pontas com N\u00f3s Celtas e Lua \u2013 Talism\u00e3 de Prote\u00e7\u00e3o, Energia e Conex\u00e3o Espiritual<\/strong><\/p>\n<p data-start=\"227\" data-end=\"867\">Este pendente \u00e9 muito mais do que uma joia: \u00e9 uma poderosa ferramenta esot\u00e9rica carregada de s\u00edmbolos ancestrais.<br data-start=\"338\" data-end=\"341\">A <strong data-start=\"344\" data-end=\"368\">estrela de 5 pontas<\/strong> (pentagrama) representa a harmonia entre os cinco elementos \u2014terra, \u00e1gua, fogo, ar e esp\u00edrito\u2014 e tem sido utilizada durante s\u00e9culos como amuleto de prote\u00e7\u00e3o e equil\u00edbrio.<br data-start=\"544\" data-end=\"547\">Os <strong data-start=\"551\" data-end=\"567\">n\u00f3s celtas<\/strong>, sem princ\u00edpio nem fim, simbolizam a eternidade, a conex\u00e3o entre o corpo, a mente e a alma, e a sabedoria dos antigos povos dru\u00eddicos.<br data-start=\"714\" data-end=\"717\">A <strong data-start=\"720\" data-end=\"728\" data-is-only-node=\"\">lua<\/strong>, presente no seu design, confere uma energia feminina profunda, associada \u00e0 intui\u00e7\u00e3o, aos ciclos da vida e \u00e0 transforma\u00e7\u00e3o interior.<\/p>\n<p data-start=\"869\" data-end=\"1045\">Elaborado em <strong data-start=\"882\" data-end=\"898\">prata de lei<\/strong>, este pendente \u00e9 ideal para quem procura um s\u00edmbolo de poder espiritual, prote\u00e7\u00e3o energ\u00e9tica e conex\u00e3o com as for\u00e7as naturais e c\u00f3smicas.<\/p>\n<p data-start=\"1047\" data-end=\"1151\"><strong data-start=\"1047\" data-end=\"1151\">Leva-o contigo como um lembrete da tua for\u00e7a interior, da tua sabedoria ancestral e do teu caminho sagrado.<\/strong><\/p>\n","protected":false},"excerpt":{"rendered":"<p>Pendente Estrela de 5 Pontas com N\u00f3s Celtas e Lua Prata \u2013 tamanho 2,5 cm.<\/p>\n<p>Corrente de Prata em Op\u00e7\u00e3o 45 cm<\/p>\n","protected":false},"featured_media":23549,"comment_status":"open","ping_status":"closed","template":"","meta":[],"product_brand":[],"product_cat":[227,226],"product_tag":[],"class_list":{"0":"post-25850","1":"product","2":"type-product","3":"status-publish","4":"has-post-thumbnail","6":"product_cat-prata","7":"product_cat-talismas-e-amuletos","9":"first","10":"instock","11":"shipping-taxable","12":"purchasable","13":"product-type-variable"},"_links":{"self":[{"href":"https:\/\/mystikus.dsignpoint.com\/pt-pt\/wp-json\/wp\/v2\/product\/25850","targetHints":{"allow":["GET"]}}],"collection":[{"href":"https:\/\/mystikus.dsignpoint.com\/pt-pt\/wp-json\/wp\/v2\/product"}],"about":[{"href":"https:\/\/mystikus.dsignpoint.com\/pt-pt\/wp-json\/wp\/v2\/types\/product"}],"replies":[{"embeddable":true,"href":"https:\/\/mystikus.dsignpoint.com\/pt-pt\/wp-json\/wp\/v2\/comments?post=25850"}],"wp:featuredmedia":[{"embeddable":true,"href":"https:\/\/mystikus.dsignpoint.com\/pt-pt\/wp-json\/wp\/v2\/media\/23549"}],"wp:attachment":[{"href":"https:\/\/mystikus.dsignpoint.com\/pt-pt\/wp-json\/wp\/v2\/media?parent=25850"}],"wp:term":[{"taxonomy":"product_brand","embeddable":true,"href":"https:\/\/mystikus.dsignpoint.com\/pt-pt\/wp-json\/wp\/v2\/product_brand?post=25850"},{"taxonomy":"product_cat","embeddable":true,"href":"https:\/\/mystikus.dsignpoint.com\/pt-pt\/wp-json\/wp\/v2\/product_cat?post=25850"},{"taxonomy":"product_tag","embeddable":true,"href":"https:\/\/mystikus.dsignpoint.com\/pt-pt\/wp-json\/wp\/v2\/product_tag?post=25850"}],"curies":[{"name":"wp","href":"https:\/\/api.w.org\/{rel}","templated":true}]}}