{"id":25911,"date":"2025-06-11T18:48:31","date_gmt":"2025-06-11T16:48:31","guid":{"rendered":"https:\/\/mystikus.dsignpoint.com\/producto\/ritual-premium-sao-miguel\/"},"modified":"2025-06-11T18:48:31","modified_gmt":"2025-06-11T16:48:31","slug":"ritual-premium-sao-miguel","status":"publish","type":"product","link":"https:\/\/mystikus.dsignpoint.com\/pt-pt\/producto\/ritual-premium-sao-miguel\/","title":{"rendered":"Ritual Premium S\u00e3o Miguel"},"content":{"rendered":"<p>Prote\u00e7\u00e3o potente contra os inimigos<br \/>\nContra as for\u00e7as negativas \u2013 Defesa contra os danos<\/p>\n<p>Para come\u00e7ar, \u00e9 importante purificar-se antes de fazer um Ritual. Basta tomar um duche. Escolha roupa branca e larga. Recomenda-se roupa de materiais naturais como o algod\u00e3o ou o linho.   <\/p>\n<p>Os Arcanjos t\u00eam um Poder Extraordin\u00e1rio para quem os invoca, cada um deles tem uma Habilidade Espec\u00edfica.<\/p>\n<p>Etimologicamente, Miguel (Michael em hebraico) significa \u201cQuem \u00e9 como Deus\u201d. Basta dizer que o Poder do L\u00edder das Legi\u00f5es Celestiais \u00e9 Imenso e que a sua Ajuda para Combater o Mal \u00e9 mais do que Imprescind\u00edvel. <\/p>\n<p>O Arcanjo Miguel \u00e9 o que simbolicamente com a sua Espada cortar\u00e1 qualquer Elo do Mal que possa prejudicar-te. N\u00e3o h\u00e1 bruxaria, dem\u00f3nio ou esp\u00edrito maligno que possa resistir ao poder do Arcanjo Miguel. Segundo a mitologia, o pr\u00f3prio L\u00facifer foi derrotado e expulso das esferas celestiais por Ele.  <\/p>\n<p>Sentes-te impotente para lutar no teu dia a dia, os problemas acumulam-se em v\u00e1rias \u00e1reas da tua vida sem raz\u00e3o aparente, tudo corre mal. \u00c9 muito prov\u00e1vel que sejas v\u00edtima de um feiti\u00e7o ou um malef\u00edcio. <\/p>\n<p>Este Poderoso Ritual, Obedece todos os Ritos Essenciais \u00e0 Invoca\u00e7\u00e3o de S\u00e3o Miguel, Permitindo A Sua Ajuda Total na Sua Vida, Libertando-o de todos os Males.<\/p>\n<p>O Arcanjo Miguel simboliza a vit\u00f3ria do bem sobre o mal e simboliza a prote\u00e7\u00e3o na sua forma mais poderosa.<\/p>\n<p>Cada Interven\u00e7\u00e3o n\u00e3o implica nenhum risco nem choque em troca. N\u00e3o tem absolutamente nada a temer, pelo contr\u00e1rio, os Rituais de Magia Branca n\u00e3o apresentam nenhum perigo, s\u00f3 servem para limpar e defender. <\/p>\n<p>No entanto, \u00e9 essencial acreditar no poder da magia antes de pratic\u00e1-la. Se duvidas do resultado ou fazes um ritual \u201cs\u00f3 para ver se funciona\u201d, o mais prov\u00e1vel \u00e9 que n\u00e3o obtenhas nenhum resultado. De facto, os feiti\u00e7os invocam muitas energias poderosas, incluindo a tua. Projetar mentalmente o resultado ben\u00e9fico canaliza todas essas energias.   <\/p>\n<p>Portanto, a falta de f\u00e9, a seriedade ou os pensamentos negativos reduzir\u00e3o em grande medida os efeitos. Por outro lado, uma boa Proje\u00e7\u00e3o do Desejado e uma Forte Concentra\u00e7\u00e3o favorecer\u00e3o enormemente os Resultados. <\/p>\n<p>Cont\u00e9m uma explica\u00e7\u00e3o detalhada \u2013 Ingredientes in\u00e9ditos, segundo as f\u00f3rmulas extra\u00eddas dos grandes celeiros.<\/p>\n<p>O nosso Servi\u00e7o de Apoio ao Cliente est\u00e1 \u00e0 sua disposi\u00e7\u00e3o para qualquer esclarecimento ou explica\u00e7\u00e3o adicional.<\/p>\n","protected":false},"excerpt":{"rendered":"<p>Uma poderosa prote\u00e7\u00e3o<br \/>\nContra os inimigos<br \/>\nContra as for\u00e7as negativas<br \/>\nDefesa contra os danos<\/p>\n","protected":false},"featured_media":23507,"comment_status":"open","ping_status":"closed","template":"","meta":[],"product_brand":[],"product_cat":[135,148,147,151],"product_tag":[],"class_list":{"0":"post-25911","1":"product","2":"type-product","3":"status-publish","4":"has-post-thumbnail","6":"product_cat-esotericos","7":"product_cat-mystikus-collection","8":"product_cat-rituais-premium","11":"first","12":"instock","13":"shipping-taxable","14":"purchasable","15":"product-type-simple"},"_links":{"self":[{"href":"https:\/\/mystikus.dsignpoint.com\/pt-pt\/wp-json\/wp\/v2\/product\/25911","targetHints":{"allow":["GET"]}}],"collection":[{"href":"https:\/\/mystikus.dsignpoint.com\/pt-pt\/wp-json\/wp\/v2\/product"}],"about":[{"href":"https:\/\/mystikus.dsignpoint.com\/pt-pt\/wp-json\/wp\/v2\/types\/product"}],"replies":[{"embeddable":true,"href":"https:\/\/mystikus.dsignpoint.com\/pt-pt\/wp-json\/wp\/v2\/comments?post=25911"}],"wp:featuredmedia":[{"embeddable":true,"href":"https:\/\/mystikus.dsignpoint.com\/pt-pt\/wp-json\/wp\/v2\/media\/23507"}],"wp:attachment":[{"href":"https:\/\/mystikus.dsignpoint.com\/pt-pt\/wp-json\/wp\/v2\/media?parent=25911"}],"wp:term":[{"taxonomy":"product_brand","embeddable":true,"href":"https:\/\/mystikus.dsignpoint.com\/pt-pt\/wp-json\/wp\/v2\/product_brand?post=25911"},{"taxonomy":"product_cat","embeddable":true,"href":"https:\/\/mystikus.dsignpoint.com\/pt-pt\/wp-json\/wp\/v2\/product_cat?post=25911"},{"taxonomy":"product_tag","embeddable":true,"href":"https:\/\/mystikus.dsignpoint.com\/pt-pt\/wp-json\/wp\/v2\/product_tag?post=25911"}],"curies":[{"name":"wp","href":"https:\/\/api.w.org\/{rel}","templated":true}]}}