{"id":25918,"date":"2025-06-11T18:52:54","date_gmt":"2025-06-11T16:52:54","guid":{"rendered":"https:\/\/mystikus.dsignpoint.com\/producto\/ritual-premium-sete-magias\/"},"modified":"2025-06-11T18:52:54","modified_gmt":"2025-06-11T16:52:54","slug":"ritual-premium-sete-magias","status":"publish","type":"product","link":"https:\/\/mystikus.dsignpoint.com\/pt-pt\/producto\/ritual-premium-sete-magias\/","title":{"rendered":"Ritual Premium Sete Magias"},"content":{"rendered":"<p>Destr\u00f3i a magia negra \u2013 Bruxaria, pragas \u2013 Contra o mal<\/p>\n<p>Para come\u00e7ar, \u00e9 importante purificar-se antes de fazer um Ritual. Basta tomar um duche. Escolha roupa branca e larga. Recomenda-se roupa de materiais naturais como o algod\u00e3o ou o linho.   <\/p>\n<p>Os baixos ressentimentos do ser humano levam \u00e0 amargura, aos ci\u00fames, \u00e0 ira, a muitas outras emo\u00e7\u00f5es negativas, inclusive ao \u00f3dio. O objetivo do uso da magia negra \u00e9 mudar a vontade de algu\u00e9m como efeito prim\u00e1rio ou secund\u00e1rio; as suas consequ\u00eancias s\u00e3o devastadoras. Para praticar a magia negra, o feiticeiro convoca as for\u00e7as do mal, os esp\u00edritos malignos e os dem\u00f3nios.  <\/p>\n<p>Lembra-te de que a magia negra n\u00e3o \u00e9 s\u00f3 fazer rituais com sacrif\u00edcios, bonecos de vodu ou oferendas a entidades malignas. Qualquer ritual que apaixone as pessoas contra a sua vontade, separe casais, se vingue dos inimigos, entre outros, tamb\u00e9m \u00e9 considerado magia negra. Tens o direito de te proteger e, mais ainda, precisas de te livrar dela e acabar com a magia negra lan\u00e7ada contra ti.  <\/p>\n<p>Este poderoso Ritual \u201cSete M\u00e1gico\u201d de Magia Branca foi especialmente preparado para libertar uma pessoa das garras das obras ocultas. Inclui todas as pr\u00e1ticas de bruxaria, magia negra e vodu, bem como as invoca\u00e7\u00f5es das seitas sat\u00e2nicas e luciferinas. Este Ritual inclui todos os m\u00e9todos que permitem anular todos os efeitos dos encantamentos de magia negra e magia vermelha. O poder desta obra de alquimia trar\u00e1 cura e uma liberta\u00e7\u00e3o total e final de todos os males de qualquer mundo oculto.   <\/p>\n<p>Ap\u00f3s realizar esta poderosa prepara\u00e7\u00e3o m\u00e1gica, beneficiar\u00e1 de uma prote\u00e7\u00e3o inabal\u00e1vel contra novas tentativas de feiti\u00e7os malignos.<\/p>\n<p>Cada Interven\u00e7\u00e3o n\u00e3o implica nenhum risco nem choque em troca. N\u00e3o tem absolutamente nada a temer, pelo contr\u00e1rio, os Rituais de Magia Branca n\u00e3o apresentam nenhum perigo, s\u00f3 servem para limpar e defender. <\/p>\n<p>\u00c9 evidente que a pr\u00e1tica deste ritual requer o envolvimento total do praticante, bem como uma quantidade consider\u00e1vel de energia.<\/p>\n<p>No entanto, \u00e9 essencial acreditar no poder da magia antes de a praticar. Se duvidares do resultado ou fizeres um ritual \u201cs\u00f3 para ver se funciona\u201d, o mais prov\u00e1vel \u00e9 que n\u00e3o obtenhas nenhum resultado. De facto, os feiti\u00e7os invocam muitas energias poderosas, incluindo a tua. Projetar mentalmente o resultado ben\u00e9fico canaliza todas essas energias.   <\/p>\n<p>Portanto, a falta de f\u00e9, a seriedade ou os pensamentos negativos reduzir\u00e3o em grande medida os efeitos. Por outro lado, uma boa Proje\u00e7\u00e3o do Desejado e uma Forte Concentra\u00e7\u00e3o favorecer\u00e3o enormemente os Resultados. <\/p>\n<p>Cont\u00e9m uma explica\u00e7\u00e3o detalhada \u2013 Ingredientes in\u00e9ditos, segundo as f\u00f3rmulas extra\u00eddas dos grandes celeiros.<br \/>\n O nosso Servi\u00e7o de Apoio ao Cliente est\u00e1 \u00e0 sua disposi\u00e7\u00e3o para qualquer esclarecimento ou explica\u00e7\u00e3o adicional.<\/p>\n","protected":false},"excerpt":{"rendered":"<p>Destr\u00f3i a magia negra<br \/>\nBruxaria, maldi\u00e7\u00f5es<br \/>\nContra o dano<\/p>\n","protected":false},"featured_media":23509,"comment_status":"open","ping_status":"closed","template":"","meta":[],"product_brand":[],"product_cat":[135,148,147,151],"product_tag":[],"class_list":{"0":"post-25918","1":"product","2":"type-product","3":"status-publish","4":"has-post-thumbnail","6":"product_cat-esotericos","7":"product_cat-mystikus-collection","8":"product_cat-rituais-premium","11":"first","12":"instock","13":"shipping-taxable","14":"purchasable","15":"product-type-simple"},"_links":{"self":[{"href":"https:\/\/mystikus.dsignpoint.com\/pt-pt\/wp-json\/wp\/v2\/product\/25918","targetHints":{"allow":["GET"]}}],"collection":[{"href":"https:\/\/mystikus.dsignpoint.com\/pt-pt\/wp-json\/wp\/v2\/product"}],"about":[{"href":"https:\/\/mystikus.dsignpoint.com\/pt-pt\/wp-json\/wp\/v2\/types\/product"}],"replies":[{"embeddable":true,"href":"https:\/\/mystikus.dsignpoint.com\/pt-pt\/wp-json\/wp\/v2\/comments?post=25918"}],"wp:featuredmedia":[{"embeddable":true,"href":"https:\/\/mystikus.dsignpoint.com\/pt-pt\/wp-json\/wp\/v2\/media\/23509"}],"wp:attachment":[{"href":"https:\/\/mystikus.dsignpoint.com\/pt-pt\/wp-json\/wp\/v2\/media?parent=25918"}],"wp:term":[{"taxonomy":"product_brand","embeddable":true,"href":"https:\/\/mystikus.dsignpoint.com\/pt-pt\/wp-json\/wp\/v2\/product_brand?post=25918"},{"taxonomy":"product_cat","embeddable":true,"href":"https:\/\/mystikus.dsignpoint.com\/pt-pt\/wp-json\/wp\/v2\/product_cat?post=25918"},{"taxonomy":"product_tag","embeddable":true,"href":"https:\/\/mystikus.dsignpoint.com\/pt-pt\/wp-json\/wp\/v2\/product_tag?post=25918"}],"curies":[{"name":"wp","href":"https:\/\/api.w.org\/{rel}","templated":true}]}}