{"id":25922,"date":"2025-06-11T18:39:36","date_gmt":"2025-06-11T16:39:36","guid":{"rendered":"https:\/\/mystikus.dsignpoint.com\/producto\/ritual-premium-acorrentado-a-mim\/"},"modified":"2025-06-11T18:39:36","modified_gmt":"2025-06-11T16:39:36","slug":"ritual-premium-acorrentado-a-mim","status":"publish","type":"product","link":"https:\/\/mystikus.dsignpoint.com\/pt-pt\/producto\/ritual-premium-acorrentado-a-mim\/","title":{"rendered":"Ritual Premium Acorrentado a Mim"},"content":{"rendered":"<p>Amarre o seu amor \u2013 Assegure a sua rela\u00e7\u00e3o<br \/>\nP<span class=\"Y2IQFc\" lang=\"es\">otencie a paix\u00e3o<\/span> \u2013 Liga\u00e7\u00e3o astral poderosa<\/p>\n<p>Para come\u00e7ar, \u00e9 importante purificar-se antes de fazer um Ritual. Basta tomar um duche. Escolha roupa branca e larga. Recomenda-se roupa de materiais naturais como o algod\u00e3o ou o linho.   <\/p>\n<p>O Ritual de Magia Vermelha, Acorrentado a Mim, \u00e9 um poderoso Ritual de Amor, especialmente preparado para atar o homem ou a mulher numa rela\u00e7\u00e3o rom\u00e2ntica ou de casal. . Se tem a certeza ou a suspeita de que o seu esposo ou esposa lhe \u00e9 infiel, ou acredita que h\u00e1 trai\u00e7\u00e3o, este Ritual \u00e9 a Solu\u00e7\u00e3o para salvar a sua rela\u00e7\u00e3o, salvar o seu casal ou salvar o seu matrim\u00f3nio. Resolve os conflitos, zangas, desacordos e inc\u00f3modos da vida quotidiana. Restabelece a harmonia, refor\u00e7a os sentimentos de amor. Al\u00e9m disso, esta potente receita de magia vermelha fortalecer\u00e1 a sua rela\u00e7\u00e3o e colocar\u00e1 o seu c\u00f4njuge no caminho certo e trar\u00e1 prote\u00e7\u00e3o. Realize este Ritual para Atar o seu Amor de forma Duradoura e Conseguir o seu Amor Incondicional. \u00c0s vezes o Amor n\u00e3o \u00e9 suficiente, torna-se necess\u00e1rio utilizar a via forte da obriga\u00e7\u00e3o, quando se trata de um cora\u00e7\u00e3o intr\u00e9pido e errante     <\/p>\n<p>Por outro lado, se acabou de conhecer algu\u00e9m e se apaixonou, este Ritual de Magia Vermelha ajud\u00e1-lo-\u00e1 a consolidar o amor e a paix\u00e3o. Al\u00e9m disso, se j\u00e1 tem uma rela\u00e7\u00e3o e deseja continuar a seduzir o seu par, esta receita de magia vermelha refor\u00e7ar\u00e1 o seu poder de sedu\u00e7\u00e3o e, em consequ\u00eancia, far\u00e1 com que os seus sentimentos sejam rec\u00edprocos. Este Poderoso Ritual, Aderido a Mim, Serve para Derreter e Atar o Cora\u00e7\u00e3o do Amado e Assegurar a Uni\u00e3o.  <\/p>\n<p>Utilize este Poderoso Ritual de Magia Vermelha para Atar e Estabelecer um V\u00ednculo Astral entre dois Amantes ou Casal. Consolida e fortalece os sentimentos, desperta e aumenta fortemente o desejo do seu amor, concentrando toda a aten\u00e7\u00e3o em si. <\/p>\n<p>No entanto, \u00e9 essencial acreditar no poder da magia antes de pratic\u00e1-la. Se duvida do resultado ou faz um ritual \u201cs\u00f3 para ver se funciona\u201d, o mais prov\u00e1vel \u00e9 que n\u00e3o consiga nenhum efeito. De facto, os feiti\u00e7os invocam muitas energias poderosas, incluindo a sua. Projetar mentalmente o resultado ben\u00e9fico canaliza todas essas energias.   <\/p>\n<p>Portanto, a falta de f\u00e9, a seriedade ou os pensamentos negativos reduzir\u00e3o em grande medida os efeitos. Por outro lado, uma boa Proje\u00e7\u00e3o do Desejado e uma Forte Concentra\u00e7\u00e3o favorecer\u00e3o enormemente os Resultados. <\/p>\n<p>Cont\u00e9m uma explica\u00e7\u00e3o detalhada \u2013 Ingredientes in\u00e9ditos, segundo as f\u00f3rmulas extra\u00eddas dos grandes celeiros.<\/p>\n<p>O nosso Servi\u00e7o de Apoio ao Cliente est\u00e1 \u00e0 sua disposi\u00e7\u00e3o para qualquer esclarecimento ou explica\u00e7\u00e3o adicional.<\/p>\n","protected":false},"excerpt":{"rendered":"<p>Acorrente o seu amor<br \/>\nAssegure a rela\u00e7\u00e3o<br \/>\nPotencie a paix\u00e3o<br \/>\nPotente conex\u00e3o amorosa astral<\/p>\n","protected":false},"featured_media":23504,"comment_status":"open","ping_status":"closed","template":"","meta":[],"product_brand":[],"product_cat":[135,148,147,151],"product_tag":[],"class_list":{"0":"post-25922","1":"product","2":"type-product","3":"status-publish","4":"has-post-thumbnail","6":"product_cat-esotericos","7":"product_cat-mystikus-collection","8":"product_cat-rituais-premium","11":"first","12":"instock","13":"shipping-taxable","14":"purchasable","15":"product-type-simple"},"_links":{"self":[{"href":"https:\/\/mystikus.dsignpoint.com\/pt-pt\/wp-json\/wp\/v2\/product\/25922","targetHints":{"allow":["GET"]}}],"collection":[{"href":"https:\/\/mystikus.dsignpoint.com\/pt-pt\/wp-json\/wp\/v2\/product"}],"about":[{"href":"https:\/\/mystikus.dsignpoint.com\/pt-pt\/wp-json\/wp\/v2\/types\/product"}],"replies":[{"embeddable":true,"href":"https:\/\/mystikus.dsignpoint.com\/pt-pt\/wp-json\/wp\/v2\/comments?post=25922"}],"wp:featuredmedia":[{"embeddable":true,"href":"https:\/\/mystikus.dsignpoint.com\/pt-pt\/wp-json\/wp\/v2\/media\/23504"}],"wp:attachment":[{"href":"https:\/\/mystikus.dsignpoint.com\/pt-pt\/wp-json\/wp\/v2\/media?parent=25922"}],"wp:term":[{"taxonomy":"product_brand","embeddable":true,"href":"https:\/\/mystikus.dsignpoint.com\/pt-pt\/wp-json\/wp\/v2\/product_brand?post=25922"},{"taxonomy":"product_cat","embeddable":true,"href":"https:\/\/mystikus.dsignpoint.com\/pt-pt\/wp-json\/wp\/v2\/product_cat?post=25922"},{"taxonomy":"product_tag","embeddable":true,"href":"https:\/\/mystikus.dsignpoint.com\/pt-pt\/wp-json\/wp\/v2\/product_tag?post=25922"}],"curies":[{"name":"wp","href":"https:\/\/api.w.org\/{rel}","templated":true}]}}