{"id":25929,"date":"2025-05-17T18:15:52","date_gmt":"2025-05-17T16:15:52","guid":{"rendered":"https:\/\/mystikus.dsignpoint.com\/producto\/velon-mil-caras-verde\/"},"modified":"2025-05-17T18:15:52","modified_gmt":"2025-05-17T16:15:52","slug":"velon-mil-caras-verde","status":"publish","type":"product","link":"https:\/\/mystikus.dsignpoint.com\/pt-pt\/producto\/velon-mil-caras-verde\/","title":{"rendered":"V\u00e9lon Mil Caras Verde"},"content":{"rendered":"<p><strong>V\u00e9lon Mil Caras Verde<\/strong><\/p>\n<p><strong>Vendas Urgentes, Trabalho R\u00e1pido, Sucesso e Elimina\u00e7\u00e3o de Barreiras<\/strong><\/p>\n<p data-start=\"126\" data-end=\"370\">A <strong data-start=\"129\" data-end=\"147\">vela Mil Caras<\/strong> \u00e9 uma vela esot\u00e9rica especialmente preparada com m\u00faltiplos rostos esculpidos na sua superf\u00edcie, representando diversas energias, esp\u00edritos ou for\u00e7as que atuam em conjunto para te ajudar a alcan\u00e7ar um prop\u00f3sito espec\u00edfico.<\/p>\n<p data-start=\"372\" data-end=\"558\">\u00c9 utilizada em rituais para <strong data-start=\"400\" data-end=\"484\">abrir caminhos, remover obst\u00e1culos, atrair sucesso, dinheiro, amor, sa\u00fade, prote\u00e7\u00e3o<\/strong> e muito mais, dependendo da cor e da inten\u00e7\u00e3o do trabalho espiritual.<\/p>\n<p data-start=\"560\" data-end=\"745\">Cada &#8220;cara&#8221; simboliza uma faceta do universo ou do teu ser interior que \u00e9 ativada durante a queima, amplificando o pedido e fazendo com que o desejo chegue mais r\u00e1pido e com maior for\u00e7a.<\/p>\n<p><em>Cont\u00e9m uma explica\u00e7\u00e3o detalhada \u2013 Ingredientes in\u00e9ditos, segundo as f\u00f3rmulas dos grandes magos.<\/em><\/p>\n<p><em>As explica\u00e7\u00f5es podem ser solicitadas em qualquer idioma.<\/em><\/p>\n","protected":false},"excerpt":{"rendered":"<p><strong>V\u00e9lon Mil Caras Verde<\/strong><\/p>\n<p><strong>Vendas Urgentes, Trabalho R\u00e1pido, Sucesso e Elimina\u00e7\u00e3o de Barreiras<\/strong><\/p>\n","protected":false},"featured_media":992,"comment_status":"open","ping_status":"closed","template":"","meta":[],"product_brand":[],"product_cat":[135,148,234,237],"product_tag":[],"class_list":{"0":"post-25929","1":"product","2":"type-product","3":"status-publish","4":"has-post-thumbnail","6":"product_cat-esotericos","7":"product_cat-mystikus-collection","8":"product_cat-velas","11":"first","12":"instock","13":"shipping-taxable","14":"purchasable","15":"product-type-simple"},"_links":{"self":[{"href":"https:\/\/mystikus.dsignpoint.com\/pt-pt\/wp-json\/wp\/v2\/product\/25929","targetHints":{"allow":["GET"]}}],"collection":[{"href":"https:\/\/mystikus.dsignpoint.com\/pt-pt\/wp-json\/wp\/v2\/product"}],"about":[{"href":"https:\/\/mystikus.dsignpoint.com\/pt-pt\/wp-json\/wp\/v2\/types\/product"}],"replies":[{"embeddable":true,"href":"https:\/\/mystikus.dsignpoint.com\/pt-pt\/wp-json\/wp\/v2\/comments?post=25929"}],"wp:featuredmedia":[{"embeddable":true,"href":"https:\/\/mystikus.dsignpoint.com\/pt-pt\/wp-json\/wp\/v2\/media\/992"}],"wp:attachment":[{"href":"https:\/\/mystikus.dsignpoint.com\/pt-pt\/wp-json\/wp\/v2\/media?parent=25929"}],"wp:term":[{"taxonomy":"product_brand","embeddable":true,"href":"https:\/\/mystikus.dsignpoint.com\/pt-pt\/wp-json\/wp\/v2\/product_brand?post=25929"},{"taxonomy":"product_cat","embeddable":true,"href":"https:\/\/mystikus.dsignpoint.com\/pt-pt\/wp-json\/wp\/v2\/product_cat?post=25929"},{"taxonomy":"product_tag","embeddable":true,"href":"https:\/\/mystikus.dsignpoint.com\/pt-pt\/wp-json\/wp\/v2\/product_tag?post=25929"}],"curies":[{"name":"wp","href":"https:\/\/api.w.org\/{rel}","templated":true}]}}