{"id":25936,"date":"2025-05-24T14:07:57","date_gmt":"2025-05-24T12:07:57","guid":{"rendered":"https:\/\/mystikus.dsignpoint.com\/producto\/pure-as-sea-agua-purificadora-de-energias\/"},"modified":"2025-05-24T14:07:57","modified_gmt":"2025-05-24T12:07:57","slug":"pure-as-sea-agua-purificadora-de-energias","status":"publish","type":"product","link":"https:\/\/mystikus.dsignpoint.com\/pt-pt\/producto\/pure-as-sea-agua-purificadora-de-energias\/","title":{"rendered":"Pure as Sea \u00c1gua Purificadora de Energias"},"content":{"rendered":"<p class=\"p1\">Por vezes, o nosso dia a dia est\u00e1 cheio de energias negativas e impurezas que nos afetam.<\/p>\n<p class=\"p1\">Porque mereces paz mental e tranquilidade&#8230; e porque h\u00e1 rituais que n\u00e3o falham&#8230;<\/p>\n<p class=\"p1\">Apresentamos Pure as Sea, o spray que limpa e te protege das m\u00e1s energias do dia a dia, criando um escudo de serenidade \u00e0 tua volta.<\/p>\n<p class=\"p1\">A nossa f\u00f3rmula exclusiva combina os benef\u00edcios da \u00e1gua do mar com as ervas purificadoras mais eficazes do mundo esot\u00e9rico. Com um toque de aroma a lavanda, e tudo isto num pequeno frasco de spray para levar contigo para todo o lado. <\/p>\n<p class=\"p1\">Limpa e protege-te das m\u00e1s energias do dia a dia com o nosso Pure as Sea, \u00e1gua purificadora de energias.<\/p>\n","protected":false},"excerpt":{"rendered":"<p class=\"p1\">Pure as Sea, o spray que limpa e te protege das m\u00e1s energias do dia a dia, criando um escudo de serenidade \u00e0 tua volta.<\/p>\n","protected":false},"featured_media":1087,"comment_status":"open","ping_status":"closed","template":"","meta":[],"product_brand":[31],"product_cat":[136,221,135,148],"product_tag":[],"class_list":{"0":"post-25936","1":"product","2":"type-product","3":"status-publish","4":"has-post-thumbnail","6":"product_brand-mystikus","7":"product_cat-ambientadores","9":"product_cat-esotericos","10":"product_cat-mystikus-collection","12":"first","13":"instock","14":"shipping-taxable","15":"purchasable","16":"product-type-simple"},"_links":{"self":[{"href":"https:\/\/mystikus.dsignpoint.com\/pt-pt\/wp-json\/wp\/v2\/product\/25936","targetHints":{"allow":["GET"]}}],"collection":[{"href":"https:\/\/mystikus.dsignpoint.com\/pt-pt\/wp-json\/wp\/v2\/product"}],"about":[{"href":"https:\/\/mystikus.dsignpoint.com\/pt-pt\/wp-json\/wp\/v2\/types\/product"}],"replies":[{"embeddable":true,"href":"https:\/\/mystikus.dsignpoint.com\/pt-pt\/wp-json\/wp\/v2\/comments?post=25936"}],"wp:featuredmedia":[{"embeddable":true,"href":"https:\/\/mystikus.dsignpoint.com\/pt-pt\/wp-json\/wp\/v2\/media\/1087"}],"wp:attachment":[{"href":"https:\/\/mystikus.dsignpoint.com\/pt-pt\/wp-json\/wp\/v2\/media?parent=25936"}],"wp:term":[{"taxonomy":"product_brand","embeddable":true,"href":"https:\/\/mystikus.dsignpoint.com\/pt-pt\/wp-json\/wp\/v2\/product_brand?post=25936"},{"taxonomy":"product_cat","embeddable":true,"href":"https:\/\/mystikus.dsignpoint.com\/pt-pt\/wp-json\/wp\/v2\/product_cat?post=25936"},{"taxonomy":"product_tag","embeddable":true,"href":"https:\/\/mystikus.dsignpoint.com\/pt-pt\/wp-json\/wp\/v2\/product_tag?post=25936"}],"curies":[{"name":"wp","href":"https:\/\/api.w.org\/{rel}","templated":true}]}}