{"id":25943,"date":"2025-05-17T15:55:01","date_gmt":"2025-05-17T13:55:01","guid":{"rendered":"https:\/\/mystikus.dsignpoint.com\/producto\/arvore-de-nos-celtas\/"},"modified":"2025-05-17T15:55:01","modified_gmt":"2025-05-17T13:55:01","slug":"arvore-de-nos-celtas","status":"publish","type":"product","link":"https:\/\/mystikus.dsignpoint.com\/pt-pt\/producto\/arvore-de-nos-celtas\/","title":{"rendered":"\u00c1rvore de N\u00f3s Celtas"},"content":{"rendered":"<p data-start=\"99\" data-end=\"158\"><strong data-start=\"99\" data-end=\"158\">Talism\u00e3 da \u00c1rvore de N\u00f3s Celtas:  <\/strong><\/p>\n<p data-start=\"99\" data-end=\"158\"><strong data-start=\"99\" data-end=\"158\">Significado e Poder<\/strong><\/p>\n<p data-start=\"160\" data-end=\"444\">A <em data-start=\"163\" data-end=\"186\">\u00c1rvore de N\u00f3s Celtas<\/em>, tamb\u00e9m conhecida como a &#8220;\u00c1rvore da Vida Celta&#8221;, \u00e9 um s\u00edmbolo profundamente espiritual que prov\u00e9m da antiga tradi\u00e7\u00e3o celta. Este talism\u00e3 representa a conex\u00e3o entre todos os aspetos da exist\u00eancia: a terra, o c\u00e9u e o mundo espiritual. <\/p>\n<p data-start=\"446\" data-end=\"763\">Na cultura celta, as \u00e1rvores eram consideradas sagradas e acreditava-se que eram portais entre mundos. As suas ra\u00edzes profundas simbolizam a conex\u00e3o com os antepassados e a sabedoria do passado, enquanto os seus ramos que se estendem para o c\u00e9u representam o crescimento, a evolu\u00e7\u00e3o e a aspira\u00e7\u00e3o espiritual. <\/p>\n<p data-start=\"765\" data-end=\"1017\">Os <em data-start=\"769\" data-end=\"783\">n\u00f3s celtas<\/em>, que n\u00e3o t\u00eam princ\u00edpio nem fim, entrela\u00e7am-se no design da \u00e1rvore para representar a eternidade, a continuidade da vida e o ciclo infinito da natureza. Este padr\u00e3o simboliza tamb\u00e9m a for\u00e7a, a resili\u00eancia e a unidade. <\/p>\n<h3 data-start=\"1019\" data-end=\"1041\">Usos do talism\u00e3:<\/h3>\n<ul data-start=\"1043\" data-end=\"1375\">\n<li data-start=\"1043\" data-end=\"1128\">\n<p data-start=\"1045\" data-end=\"1128\"><strong data-start=\"1045\" data-end=\"1070\">Prote\u00e7\u00e3o energ\u00e9tica<\/strong>: Acredita-se que atua como escudo contra energias negativas.<\/p>\n<\/li>\n<li data-start=\"1129\" data-end=\"1206\">\n<p data-start=\"1131\" data-end=\"1206\"><strong data-start=\"1131\" data-end=\"1154\">Conex\u00e3o espiritual<\/strong>: Ajuda a alinhar o corpo, a mente e o esp\u00edrito.<\/p>\n<\/li>\n<li data-start=\"1207\" data-end=\"1295\">\n<p data-start=\"1209\" data-end=\"1295\"><strong data-start=\"1209\" data-end=\"1233\">Equil\u00edbrio e harmonia<\/strong>: Favorece a estabilidade emocional e o crescimento pessoal.<\/p>\n<\/li>\n<li data-start=\"1296\" data-end=\"1375\">\n<p data-start=\"1298\" data-end=\"1375\"><strong data-start=\"1298\" data-end=\"1321\">Sabedoria ancestral<\/strong>: Conecta com o conhecimento de gera\u00e7\u00f5es passadas.<\/p>\n<\/li>\n<\/ul>\n<p data-start=\"1377\" data-end=\"1572\">Levar um talism\u00e3 da \u00c1rvore de N\u00f3s Celtas \u00e9 portar um s\u00edmbolo de vida, poder e conex\u00e3o universal. \u00c9 ideal para quem procura equil\u00edbrio, guia interior e prote\u00e7\u00e3o espiritual no seu caminho. <\/p>\n","protected":false},"excerpt":{"rendered":"<p><strong>\u00c1rvore de N\u00f3s Celta<\/strong><\/p>\n<p>Metal: Prata<\/p>\n<p>Medida : 2,5cm<\/p>\n<p>Corrente em prata : 50 cm<\/p>\n","protected":false},"featured_media":23557,"comment_status":"open","ping_status":"closed","template":"","meta":[],"product_brand":[],"product_cat":[227,226],"product_tag":[],"class_list":{"0":"post-25943","1":"product","2":"type-product","3":"status-publish","4":"has-post-thumbnail","6":"product_cat-prata","7":"product_cat-talismas-e-amuletos","9":"first","10":"instock","11":"shipping-taxable","12":"purchasable","13":"product-type-variable"},"_links":{"self":[{"href":"https:\/\/mystikus.dsignpoint.com\/pt-pt\/wp-json\/wp\/v2\/product\/25943","targetHints":{"allow":["GET"]}}],"collection":[{"href":"https:\/\/mystikus.dsignpoint.com\/pt-pt\/wp-json\/wp\/v2\/product"}],"about":[{"href":"https:\/\/mystikus.dsignpoint.com\/pt-pt\/wp-json\/wp\/v2\/types\/product"}],"replies":[{"embeddable":true,"href":"https:\/\/mystikus.dsignpoint.com\/pt-pt\/wp-json\/wp\/v2\/comments?post=25943"}],"wp:featuredmedia":[{"embeddable":true,"href":"https:\/\/mystikus.dsignpoint.com\/pt-pt\/wp-json\/wp\/v2\/media\/23557"}],"wp:attachment":[{"href":"https:\/\/mystikus.dsignpoint.com\/pt-pt\/wp-json\/wp\/v2\/media?parent=25943"}],"wp:term":[{"taxonomy":"product_brand","embeddable":true,"href":"https:\/\/mystikus.dsignpoint.com\/pt-pt\/wp-json\/wp\/v2\/product_brand?post=25943"},{"taxonomy":"product_cat","embeddable":true,"href":"https:\/\/mystikus.dsignpoint.com\/pt-pt\/wp-json\/wp\/v2\/product_cat?post=25943"},{"taxonomy":"product_tag","embeddable":true,"href":"https:\/\/mystikus.dsignpoint.com\/pt-pt\/wp-json\/wp\/v2\/product_tag?post=25943"}],"curies":[{"name":"wp","href":"https:\/\/api.w.org\/{rel}","templated":true}]}}