{"id":25966,"date":"2025-05-17T13:23:46","date_gmt":"2025-05-17T11:23:46","guid":{"rendered":"https:\/\/mystikus.dsignpoint.com\/producto\/cruz-de-caravaca\/"},"modified":"2025-05-17T13:23:46","modified_gmt":"2025-05-17T11:23:46","slug":"cruz-de-caravaca","status":"publish","type":"product","link":"https:\/\/mystikus.dsignpoint.com\/pt-pt\/producto\/cruz-de-caravaca\/","title":{"rendered":"Cruz de Caravaca"},"content":{"rendered":"<p><strong>Cr<\/strong><strong>uz de Caravaca<\/strong><\/p>\n<p data-start=\"115\" data-end=\"153\"><strong data-start=\"115\" data-end=\"153\">Significado da Cruz de Caravaca<\/strong><\/p>\n<p data-start=\"155\" data-end=\"443\">A <strong data-start=\"158\" data-end=\"178\">Cruz de Caravaca<\/strong> \u00e9 um poderoso s\u00edmbolo espiritual e de prote\u00e7\u00e3o origin\u00e1rio da cidade de Caravaca de la Cruz, em Murcia, Espanha. Trata-se de uma cruz de bra\u00e7o duplo horizontal, tradicionalmente associada ao cristianismo e venerada como objeto milagroso desde a Idade M\u00e9dia. <\/p>\n<p data-start=\"445\" data-end=\"753\">Este s\u00edmbolo \u00e9 considerado um <strong data-start=\"476\" data-end=\"510\">amuleto de grande for\u00e7a m\u00edstica<\/strong>, utilizado para atrair b\u00ean\u00e7\u00e3os, abrir caminhos, proteger contra energias negativas e fortalecer a f\u00e9. Tamb\u00e9m \u00e9 comummente empregado em rituais de cura, limpeza espiritual e como escudo contra o mau-olhado ou influ\u00eancias indesejadas. <\/p>\n<p data-start=\"755\" data-end=\"968\">Segundo a tradi\u00e7\u00e3o, a Cruz de Caravaca n\u00e3o s\u00f3 representa a f\u00e9 crist\u00e3, mas tamb\u00e9m a <strong data-start=\"847\" data-end=\"886\">conex\u00e3o entre o c\u00e9u e a terra<\/strong>, a prote\u00e7\u00e3o divina e a orienta\u00e7\u00e3o espiritual em momentos de escurid\u00e3o ou dificuldade.<\/p>\n<p data-start=\"755\" data-end=\"968\">Usa-se como pendente, coloca-se em altares ou utiliza-se em ora\u00e7\u00f5es, sempre com respeito e devo\u00e7\u00e3o.<\/p>\n","protected":false},"excerpt":{"rendered":"<p><strong>Cr<\/strong><strong>uz de Caravaca <\/strong><\/p>\n<p>Metal: Prata<\/p>\n<p>Medida: 2,5 cm<\/p>\n<p>Corrente em prata: 40 cm<\/p>\n","protected":false},"featured_media":23556,"comment_status":"open","ping_status":"closed","template":"","meta":[],"product_brand":[],"product_cat":[227,226],"product_tag":[],"class_list":{"0":"post-25966","1":"product","2":"type-product","3":"status-publish","4":"has-post-thumbnail","6":"product_cat-prata","7":"product_cat-talismas-e-amuletos","9":"first","10":"instock","11":"shipping-taxable","12":"purchasable","13":"product-type-variable"},"_links":{"self":[{"href":"https:\/\/mystikus.dsignpoint.com\/pt-pt\/wp-json\/wp\/v2\/product\/25966","targetHints":{"allow":["GET"]}}],"collection":[{"href":"https:\/\/mystikus.dsignpoint.com\/pt-pt\/wp-json\/wp\/v2\/product"}],"about":[{"href":"https:\/\/mystikus.dsignpoint.com\/pt-pt\/wp-json\/wp\/v2\/types\/product"}],"replies":[{"embeddable":true,"href":"https:\/\/mystikus.dsignpoint.com\/pt-pt\/wp-json\/wp\/v2\/comments?post=25966"}],"wp:featuredmedia":[{"embeddable":true,"href":"https:\/\/mystikus.dsignpoint.com\/pt-pt\/wp-json\/wp\/v2\/media\/23556"}],"wp:attachment":[{"href":"https:\/\/mystikus.dsignpoint.com\/pt-pt\/wp-json\/wp\/v2\/media?parent=25966"}],"wp:term":[{"taxonomy":"product_brand","embeddable":true,"href":"https:\/\/mystikus.dsignpoint.com\/pt-pt\/wp-json\/wp\/v2\/product_brand?post=25966"},{"taxonomy":"product_cat","embeddable":true,"href":"https:\/\/mystikus.dsignpoint.com\/pt-pt\/wp-json\/wp\/v2\/product_cat?post=25966"},{"taxonomy":"product_tag","embeddable":true,"href":"https:\/\/mystikus.dsignpoint.com\/pt-pt\/wp-json\/wp\/v2\/product_tag?post=25966"}],"curies":[{"name":"wp","href":"https:\/\/api.w.org\/{rel}","templated":true}]}}