{"id":25973,"date":"2025-05-17T12:39:13","date_gmt":"2025-05-17T10:39:13","guid":{"rendered":"https:\/\/mystikus.dsignpoint.com\/producto\/vela-peticao-sao-gabriel\/"},"modified":"2025-05-17T12:39:13","modified_gmt":"2025-05-17T10:39:13","slug":"vela-peticao-sao-gabriel","status":"publish","type":"product","link":"https:\/\/mystikus.dsignpoint.com\/pt-pt\/producto\/vela-peticao-sao-gabriel\/","title":{"rendered":"Vela Peti\u00e7\u00e3o S\u00e3o Gabriel"},"content":{"rendered":"<p><strong>Vela Peti\u00e7\u00e3o S\u00e3o Gabriel<\/strong><\/p>\n<p>Cont\u00e9m vela e incenso<\/p>\n<p>Explica\u00e7\u00e3o e instru\u00e7\u00f5es de utiliza\u00e7\u00e3o<\/p>\n","protected":false},"excerpt":{"rendered":"<p><strong>Vela Peti\u00e7\u00e3o S\u00e3o Gabriel<\/strong><\/p>\n<p>Cont\u00e9m vela e incenso<\/p>\n<p>Explica\u00e7\u00e3o e instru\u00e7\u00f5es de utiliza\u00e7\u00e3o<\/p>\n","protected":false},"featured_media":919,"comment_status":"open","ping_status":"closed","template":"","meta":[],"product_brand":[],"product_cat":[135,148,199,240],"product_tag":[],"class_list":{"0":"post-25973","1":"product","2":"type-product","3":"status-publish","4":"has-post-thumbnail","6":"product_cat-esotericos","7":"product_cat-mystikus-collection","8":"product_cat-velas-de-peticao","9":"product_cat-velas-peticao","11":"first","12":"instock","13":"shipping-taxable","14":"purchasable","15":"product-type-simple"},"_links":{"self":[{"href":"https:\/\/mystikus.dsignpoint.com\/pt-pt\/wp-json\/wp\/v2\/product\/25973","targetHints":{"allow":["GET"]}}],"collection":[{"href":"https:\/\/mystikus.dsignpoint.com\/pt-pt\/wp-json\/wp\/v2\/product"}],"about":[{"href":"https:\/\/mystikus.dsignpoint.com\/pt-pt\/wp-json\/wp\/v2\/types\/product"}],"replies":[{"embeddable":true,"href":"https:\/\/mystikus.dsignpoint.com\/pt-pt\/wp-json\/wp\/v2\/comments?post=25973"}],"wp:featuredmedia":[{"embeddable":true,"href":"https:\/\/mystikus.dsignpoint.com\/pt-pt\/wp-json\/wp\/v2\/media\/919"}],"wp:attachment":[{"href":"https:\/\/mystikus.dsignpoint.com\/pt-pt\/wp-json\/wp\/v2\/media?parent=25973"}],"wp:term":[{"taxonomy":"product_brand","embeddable":true,"href":"https:\/\/mystikus.dsignpoint.com\/pt-pt\/wp-json\/wp\/v2\/product_brand?post=25973"},{"taxonomy":"product_cat","embeddable":true,"href":"https:\/\/mystikus.dsignpoint.com\/pt-pt\/wp-json\/wp\/v2\/product_cat?post=25973"},{"taxonomy":"product_tag","embeddable":true,"href":"https:\/\/mystikus.dsignpoint.com\/pt-pt\/wp-json\/wp\/v2\/product_tag?post=25973"}],"curies":[{"name":"wp","href":"https:\/\/api.w.org\/{rel}","templated":true}]}}