{"id":26017,"date":"2025-05-16T16:53:47","date_gmt":"2025-05-16T14:53:47","guid":{"rendered":"https:\/\/mystikus.dsignpoint.com\/producto\/incenso-anjo-da-guarda\/"},"modified":"2025-11-24T16:00:07","modified_gmt":"2025-11-24T15:00:07","slug":"incenso-anjo-da-guarda","status":"publish","type":"product","link":"https:\/\/mystikus.dsignpoint.com\/pt-pt\/producto\/incenso-anjo-da-guarda\/","title":{"rendered":"Defumador Anjo da Guarda"},"content":{"rendered":"<p data-start=\"129\" data-end=\"362\"><strong>Defumador Anjo da Guarda<\/strong><\/p>\n<p data-start=\"129\" data-end=\"362\"><em><strong>\u00c9 necess\u00e1rio carv\u00e3o ou brasas (n\u00e3o inclu\u00eddos)<\/strong><\/em><\/p>\n<p data-start=\"129\" data-end=\"362\"><strong data-start=\"129\" data-end=\"163\">Defumador Esot\u00e9rico de Ervas<\/strong><br data-start=\"163\" data-end=\"166\" \/>O Defumador esot\u00e9rico de ervas \u00e9 uma poderosa ferramenta utilizada em pr\u00e1ticas espirituais para a limpeza energ\u00e9tica, prote\u00e7\u00e3o e eleva\u00e7\u00e3o vibracional de espa\u00e7os, objetos e pessoas.<\/p>\n<p data-start=\"364\" data-end=\"592\">Ao acend\u00ea-lo, o fumo atua como um canal purificador que ajuda a dissipar energias negativas, abrir caminhos e restabelecer a harmonia espiritual. \u00c9 ideal para rituais, medita\u00e7\u00f5es, limpezas e momentos de conex\u00e3o interior.<\/p>\n<p data-start=\"594\" data-end=\"774\">Cada mistura de ervas foi cuidadosamente selecionada e preparada com inten\u00e7\u00e3o, seguindo tradi\u00e7\u00f5es ancestrais que respeitam o equil\u00edbrio entre corpo, mente e esp\u00edrito.<\/p>\n<p data-start=\"776\" data-end=\"928\">\u2728 Usa este Defumador quando sentires a necessidade de renovar as tuas energias ou fortalecer o teu ambiente espiritual.<br data-start=\"884\" data-end=\"887\" \/>O fumo guia-te\u2026 tu s\u00f3 tens de abrir o cora\u00e7\u00e3o.<\/p>\n","protected":false},"excerpt":{"rendered":"<p data-start=\"129\" data-end=\"362\"><strong>Defumador Anjo da Guarda<\/strong><\/p>\n<p data-start=\"129\" data-end=\"362\"><em><strong>\u00c9 necess\u00e1rio carv\u00e3o ou brasas (n\u00e3o inclu\u00eddos)<\/strong><\/em><\/p>\n","protected":false},"featured_media":26019,"comment_status":"open","ping_status":"closed","template":"","meta":[],"product_brand":[],"product_cat":[243,135,246],"product_tag":[],"class_list":{"0":"post-26017","1":"product","2":"type-product","3":"status-publish","4":"has-post-thumbnail","6":"product_cat-incenso","7":"product_cat-esotericos","10":"first","11":"instock","12":"shipping-taxable","13":"purchasable","14":"product-type-simple"},"_links":{"self":[{"href":"https:\/\/mystikus.dsignpoint.com\/pt-pt\/wp-json\/wp\/v2\/product\/26017","targetHints":{"allow":["GET"]}}],"collection":[{"href":"https:\/\/mystikus.dsignpoint.com\/pt-pt\/wp-json\/wp\/v2\/product"}],"about":[{"href":"https:\/\/mystikus.dsignpoint.com\/pt-pt\/wp-json\/wp\/v2\/types\/product"}],"replies":[{"embeddable":true,"href":"https:\/\/mystikus.dsignpoint.com\/pt-pt\/wp-json\/wp\/v2\/comments?post=26017"}],"wp:featuredmedia":[{"embeddable":true,"href":"https:\/\/mystikus.dsignpoint.com\/pt-pt\/wp-json\/wp\/v2\/media\/26019"}],"wp:attachment":[{"href":"https:\/\/mystikus.dsignpoint.com\/pt-pt\/wp-json\/wp\/v2\/media?parent=26017"}],"wp:term":[{"taxonomy":"product_brand","embeddable":true,"href":"https:\/\/mystikus.dsignpoint.com\/pt-pt\/wp-json\/wp\/v2\/product_brand?post=26017"},{"taxonomy":"product_cat","embeddable":true,"href":"https:\/\/mystikus.dsignpoint.com\/pt-pt\/wp-json\/wp\/v2\/product_cat?post=26017"},{"taxonomy":"product_tag","embeddable":true,"href":"https:\/\/mystikus.dsignpoint.com\/pt-pt\/wp-json\/wp\/v2\/product_tag?post=26017"}],"curies":[{"name":"wp","href":"https:\/\/api.w.org\/{rel}","templated":true}]}}