{"id":26080,"date":"2025-05-14T17:49:46","date_gmt":"2025-05-14T15:49:46","guid":{"rendered":"https:\/\/mystikus.dsignpoint.com\/producto\/sal-alho-macho\/"},"modified":"2025-05-14T17:49:46","modified_gmt":"2025-05-14T15:49:46","slug":"sal-alho-macho","status":"publish","type":"product","link":"https:\/\/mystikus.dsignpoint.com\/pt-pt\/producto\/sal-alho-macho\/","title":{"rendered":"Sal Alho Macho"},"content":{"rendered":"<p><strong>Sal Alho Macho<\/strong><\/p>\n<p><strong>Elimina as For\u00e7as Negativas<\/strong><\/p>\n<p><strong data-start=\"97\" data-end=\"127\">O que \u00e9 a sal espiritual?<\/strong> \ud83e\uddc2\u2728<\/p>\n<p data-start=\"133\" data-end=\"404\">A <strong data-start=\"136\" data-end=\"154\">sal espiritual<\/strong> \u00e9 um elemento amplamente utilizado em rituais esot\u00e9ricos e pr\u00e1ticas de limpeza energ\u00e9tica. Ao contr\u00e1rio do sal comum, geralmente \u00e9 consagrada ou misturada com ervas, ess\u00eancias ou minerais com propriedades simb\u00f3licas e vibracionais espec\u00edficas. <\/p>\n<h3 data-start=\"406\" data-end=\"430\">\ud83c\udf3f Para que serve?<\/h3>\n<p data-start=\"432\" data-end=\"481\">A sal espiritual \u00e9 utilizada principalmente para:<\/p>\n<ul data-start=\"483\" data-end=\"736\">\n<li data-start=\"483\" data-end=\"551\">\n<p data-start=\"485\" data-end=\"551\"><strong data-start=\"485\" data-end=\"515\">Limpar energias negativas<\/strong> de pessoas, objetos ou ambientes.<\/p>\n<\/li>\n<li data-start=\"552\" data-end=\"613\">\n<p data-start=\"554\" data-end=\"613\"><strong data-start=\"554\" data-end=\"566\">Proteger<\/strong> contra influ\u00eancias espirituais indesejadas.<\/p>\n<\/li>\n<li data-start=\"614\" data-end=\"684\">\n<p data-start=\"616\" data-end=\"684\"><strong data-start=\"616\" data-end=\"629\">Purificar<\/strong> espa\u00e7os antes de rituais, medita\u00e7\u00f5es ou leituras.<\/p>\n<\/li>\n<li data-start=\"685\" data-end=\"736\">\n<p data-start=\"687\" data-end=\"736\"><strong data-start=\"687\" data-end=\"721\">Elevar a vibra\u00e7\u00e3o energ\u00e9tica<\/strong> do ambiente.<\/p>\n<\/li>\n<\/ul>\n<h3 data-start=\"738\" data-end=\"758\">\ud83d\udd2e Formas de utiliza\u00e7\u00e3o<\/h3>\n<ul data-start=\"760\" data-end=\"1090\">\n<li data-start=\"760\" data-end=\"854\">\n<p data-start=\"762\" data-end=\"854\"><strong data-start=\"762\" data-end=\"784\">Banhos energ\u00e9ticos:<\/strong> Misturada com \u00e1gua e outros ingredientes (como alecrim, arruda ou lavanda).<\/p>\n<\/li>\n<li data-start=\"855\" data-end=\"935\">\n<p data-start=\"857\" data-end=\"935\"><strong data-start=\"857\" data-end=\"887\">Incensos e defuma\u00e7\u00f5es:<\/strong> Juntamente com ervas, em rituais de purifica\u00e7\u00e3o.<\/p>\n<\/li>\n<li data-start=\"936\" data-end=\"1014\">\n<p data-start=\"938\" data-end=\"1014\"><strong data-start=\"938\" data-end=\"977\">Polvilhada em portas e cantos:<\/strong> Para proteger o lar ou o neg\u00f3cio.<\/p>\n<\/li>\n<li data-start=\"1015\" data-end=\"1090\">\n<p data-start=\"1017\" data-end=\"1090\"><strong data-start=\"1017\" data-end=\"1044\">C\u00edrculos de prote\u00e7\u00e3o:<\/strong> Durante pr\u00e1ticas espirituais ou meditativas.<\/p>\n<\/li>\n<\/ul>\n<h3 data-start=\"1092\" data-end=\"1122\">\ud83e\uddd8\u200d\u2640\ufe0f Um aliado espiritual<\/h3>\n<p data-start=\"1124\" data-end=\"1303\">O sal tem sido s\u00edmbolo de pureza e prote\u00e7\u00e3o desde a antiguidade. Utilizar sal espiritual \u00e9 uma forma poderosa e simples de manter o equil\u00edbrio energ\u00e9tico na tua vida di\u00e1ria. <\/p>\n","protected":false},"excerpt":{"rendered":"<p><strong>Sal Alho Macho<\/strong><\/p>\n<p><strong>Elimina as For\u00e7as Negativas<\/strong><\/p>\n","protected":false},"featured_media":848,"comment_status":"open","ping_status":"closed","template":"","meta":[],"product_brand":[],"product_cat":[135,148,248,247],"product_tag":[],"class_list":{"0":"post-26080","1":"product","2":"type-product","3":"status-publish","4":"has-post-thumbnail","6":"product_cat-esotericos","7":"product_cat-mystikus-collection","8":"product_cat-sais","9":"product_cat-sal-esoterico","11":"first","12":"instock","13":"shipping-taxable","14":"purchasable","15":"product-type-simple"},"_links":{"self":[{"href":"https:\/\/mystikus.dsignpoint.com\/pt-pt\/wp-json\/wp\/v2\/product\/26080","targetHints":{"allow":["GET"]}}],"collection":[{"href":"https:\/\/mystikus.dsignpoint.com\/pt-pt\/wp-json\/wp\/v2\/product"}],"about":[{"href":"https:\/\/mystikus.dsignpoint.com\/pt-pt\/wp-json\/wp\/v2\/types\/product"}],"replies":[{"embeddable":true,"href":"https:\/\/mystikus.dsignpoint.com\/pt-pt\/wp-json\/wp\/v2\/comments?post=26080"}],"wp:featuredmedia":[{"embeddable":true,"href":"https:\/\/mystikus.dsignpoint.com\/pt-pt\/wp-json\/wp\/v2\/media\/848"}],"wp:attachment":[{"href":"https:\/\/mystikus.dsignpoint.com\/pt-pt\/wp-json\/wp\/v2\/media?parent=26080"}],"wp:term":[{"taxonomy":"product_brand","embeddable":true,"href":"https:\/\/mystikus.dsignpoint.com\/pt-pt\/wp-json\/wp\/v2\/product_brand?post=26080"},{"taxonomy":"product_cat","embeddable":true,"href":"https:\/\/mystikus.dsignpoint.com\/pt-pt\/wp-json\/wp\/v2\/product_cat?post=26080"},{"taxonomy":"product_tag","embeddable":true,"href":"https:\/\/mystikus.dsignpoint.com\/pt-pt\/wp-json\/wp\/v2\/product_tag?post=26080"}],"curies":[{"name":"wp","href":"https:\/\/api.w.org\/{rel}","templated":true}]}}