{"id":26110,"date":"2025-05-14T16:41:23","date_gmt":"2025-05-14T14:41:23","guid":{"rendered":"https:\/\/mystikus.dsignpoint.com\/producto\/palo-santo\/"},"modified":"2025-05-14T16:41:23","modified_gmt":"2025-05-14T14:41:23","slug":"palo-santo","status":"publish","type":"product","link":"https:\/\/mystikus.dsignpoint.com\/pt-pt\/producto\/palo-santo\/","title":{"rendered":"Palo Santo"},"content":{"rendered":"<p><strong>Qualidades do Palo Santo (Madeira sagrada)<\/strong><br \/>\nOs povos ind\u00edgenas dos Andes usam o Palo Santo h\u00e1 s\u00e9culos para se protegerem da energia negativa. Quando esta madeira sagrada \u00e9 queimada, a energia negativa \u00e9 purificada, a paz e a harmonia s\u00e3o restauradas e a liga\u00e7\u00e3o com a m\u00e3e terra \u00e9 fortalecida. Segundo a tradi\u00e7\u00e3o, o Palo Santo tem um efeito natural de al\u00edvio da dor, do stress e de relaxamento. O Palo Santo tem um aroma agrad\u00e1vel, refrescante e edificante. O aroma de Palo Santo pode ajudar a clarificar a sua aura e\/ou promover sentimentos positivos e de alegria.<br \/>\n<strong>Respeitoso com o meio ambiente<\/strong><br \/>\nEste produto \u00e9 100% colhido de forma sustent\u00e1vel, sem causar qualquer dano \u00e0s \u00e1rvores vivas. Apenas oferecemos produtos que foram obtidos de \u00e1rvores ca\u00eddas naturalmente nas florestas do Peru.<br \/>\nCertificado pelo Servi\u00e7o Nacional de Florestas e Vida Selvagem do Peru (SERFOR).<br \/>\n<strong>Indica\u00e7\u00f5es:<\/strong> Acenda o pau de incenso Palo Santo e deixe-o arder durante alguns segundos antes de soprar a chama. Deixe que a combust\u00e3o continue sem chama e, em seguida, passe o fumo para o seu corpo ou para os objetos que deseja purificar, talvez at\u00e9 o seu quarto, casa ou carro. O Palo Santo liberta um aroma suave e doce, semelhante ao do Ol\u00edbano (Boswellia carteri) e Neroli. Muitas pessoas podem sentir os benef\u00edcios e efeitos de purifica\u00e7\u00e3o durante muito tempo, mesmo que sejam sujeitos pouco percetivos.   <\/p>\n<p><strong>Aten\u00e7\u00e3o:<\/strong> Queime este incenso longe do alcance de crian\u00e7as e animais de estima\u00e7\u00e3o e nunca deixe o queimador sem vigil\u00e2ncia.<\/p>\n","protected":false},"excerpt":{"rendered":"<p><strong>Palo Santo<\/strong><\/p>\n<p>Este pacote de \u00b150 gramas cont\u00e9m \u00b1 6 palitos.<br \/>\nComprimento por palito: \u00b110cm<\/p>\n","protected":false},"featured_media":840,"comment_status":"open","ping_status":"closed","template":"","meta":[],"product_brand":[],"product_cat":[121],"product_tag":[],"class_list":{"0":"post-26110","1":"product","2":"type-product","3":"status-publish","4":"has-post-thumbnail","6":"product_cat-incensos","8":"first","9":"instock","10":"shipping-taxable","11":"purchasable","12":"product-type-simple"},"_links":{"self":[{"href":"https:\/\/mystikus.dsignpoint.com\/pt-pt\/wp-json\/wp\/v2\/product\/26110","targetHints":{"allow":["GET"]}}],"collection":[{"href":"https:\/\/mystikus.dsignpoint.com\/pt-pt\/wp-json\/wp\/v2\/product"}],"about":[{"href":"https:\/\/mystikus.dsignpoint.com\/pt-pt\/wp-json\/wp\/v2\/types\/product"}],"replies":[{"embeddable":true,"href":"https:\/\/mystikus.dsignpoint.com\/pt-pt\/wp-json\/wp\/v2\/comments?post=26110"}],"wp:featuredmedia":[{"embeddable":true,"href":"https:\/\/mystikus.dsignpoint.com\/pt-pt\/wp-json\/wp\/v2\/media\/840"}],"wp:attachment":[{"href":"https:\/\/mystikus.dsignpoint.com\/pt-pt\/wp-json\/wp\/v2\/media?parent=26110"}],"wp:term":[{"taxonomy":"product_brand","embeddable":true,"href":"https:\/\/mystikus.dsignpoint.com\/pt-pt\/wp-json\/wp\/v2\/product_brand?post=26110"},{"taxonomy":"product_cat","embeddable":true,"href":"https:\/\/mystikus.dsignpoint.com\/pt-pt\/wp-json\/wp\/v2\/product_cat?post=26110"},{"taxonomy":"product_tag","embeddable":true,"href":"https:\/\/mystikus.dsignpoint.com\/pt-pt\/wp-json\/wp\/v2\/product_tag?post=26110"}],"curies":[{"name":"wp","href":"https:\/\/api.w.org\/{rel}","templated":true}]}}