{"id":26133,"date":"2025-08-04T17:43:45","date_gmt":"2025-08-04T15:43:45","guid":{"rendered":"https:\/\/mystikus.dsignpoint.com\/producto\/ponta-de-opala-rosa\/"},"modified":"2025-08-04T17:43:45","modified_gmt":"2025-08-04T15:43:45","slug":"ponta-de-opala-rosa","status":"publish","type":"product","link":"https:\/\/mystikus.dsignpoint.com\/pt-pt\/producto\/ponta-de-opala-rosa\/","title":{"rendered":"Ponta de Opala Rosa"},"content":{"rendered":"<h3 data-start=\"96\" data-end=\"150\"><strong data-start=\"103\" data-end=\"150\">Descri\u00e7\u00e3o esot\u00e9rica \u2013 Ponta de Opala Rosa<\/strong><\/h3>\n<p data-start=\"152\" data-end=\"426\">A <strong data-start=\"155\" data-end=\"169\">Opala Rosa<\/strong> \u00e9 uma pedra de <strong data-start=\"187\" data-end=\"241\">cura emocional profunda, ternura e amor-pr\u00f3prio<\/strong>. A sua energia suave e reconfortante atua diretamente sobre o <strong data-start=\"304\" data-end=\"322\">chakra do cora\u00e7\u00e3o<\/strong>, ajudando a libertar feridas passadas, superar medos afetivos e abrir a alma ao perd\u00e3o e \u00e0 compaix\u00e3o. <\/p>\n<p data-start=\"428\" data-end=\"642\">Em forma de ponta, a Opala Rosa canaliza esta energia para a eleva\u00e7\u00e3o emocional, proporcionando clareza nos sentimentos, calma nos momentos de dor e uma renovada capacidade de amar \u2014 come\u00e7ando por n\u00f3s pr\u00f3prios.<\/p>\n<hr data-start=\"644\" data-end=\"647\">\n<h3 data-start=\"649\" data-end=\"688\">\u2728 <strong data-start=\"655\" data-end=\"688\">Propriedades esot\u00e9ricas chave:<\/strong><\/h3>\n<ul data-start=\"690\" data-end=\"970\">\n<li data-start=\"690\" data-end=\"728\">\n<p data-start=\"692\" data-end=\"728\">Abre e harmoniza o chakra do cora\u00e7\u00e3o.<\/p>\n<\/li>\n<li data-start=\"729\" data-end=\"785\">\n<p data-start=\"731\" data-end=\"785\">Promove o amor-pr\u00f3prio, a do\u00e7ura e a aceita\u00e7\u00e3o.<\/p>\n<\/li>\n<li data-start=\"786\" data-end=\"855\">\n<p data-start=\"788\" data-end=\"855\">Liberta bloqueios emocionais antigos e suaviza traumas afetivos.<\/p>\n<\/li>\n<li data-start=\"856\" data-end=\"905\">\n<p data-start=\"858\" data-end=\"905\">Atrai rela\u00e7\u00f5es amorosas saud\u00e1veis e aut\u00eanticas.<\/p>\n<\/li>\n<li data-start=\"906\" data-end=\"970\">\n<p data-start=\"908\" data-end=\"970\">Ideal para momentos de cura, luto ou reconex\u00e3o emocional.<\/p>\n<\/li>\n<\/ul>\n","protected":false},"excerpt":{"rendered":"<p data-start=\"169\" data-end=\"228\">A <strong data-start=\"155\" data-end=\"169\">Opala Rosa<\/strong> \u00e9 uma pedra de <strong data-start=\"187\" data-end=\"241\">cura emocional profunda, ternura e amor-pr\u00f3prio<\/strong><\/p>\n<pre data-start=\"75\" data-end=\"133\"><span style=\"font-size: 1rem; white-space-collapse: preserve;\">Tamanho 9,5 cm<\/span><\/pre>\n","protected":false},"featured_media":23943,"comment_status":"open","ping_status":"closed","template":"","meta":[],"product_brand":[],"product_cat":[112,231],"product_tag":[],"class_list":{"0":"post-26133","1":"product","2":"type-product","3":"status-publish","4":"has-post-thumbnail","6":"product_cat-minerais","7":"product_cat-pontas","9":"first","10":"instock","11":"shipping-taxable","12":"purchasable","13":"product-type-simple"},"_links":{"self":[{"href":"https:\/\/mystikus.dsignpoint.com\/pt-pt\/wp-json\/wp\/v2\/product\/26133","targetHints":{"allow":["GET"]}}],"collection":[{"href":"https:\/\/mystikus.dsignpoint.com\/pt-pt\/wp-json\/wp\/v2\/product"}],"about":[{"href":"https:\/\/mystikus.dsignpoint.com\/pt-pt\/wp-json\/wp\/v2\/types\/product"}],"replies":[{"embeddable":true,"href":"https:\/\/mystikus.dsignpoint.com\/pt-pt\/wp-json\/wp\/v2\/comments?post=26133"}],"wp:featuredmedia":[{"embeddable":true,"href":"https:\/\/mystikus.dsignpoint.com\/pt-pt\/wp-json\/wp\/v2\/media\/23943"}],"wp:attachment":[{"href":"https:\/\/mystikus.dsignpoint.com\/pt-pt\/wp-json\/wp\/v2\/media?parent=26133"}],"wp:term":[{"taxonomy":"product_brand","embeddable":true,"href":"https:\/\/mystikus.dsignpoint.com\/pt-pt\/wp-json\/wp\/v2\/product_brand?post=26133"},{"taxonomy":"product_cat","embeddable":true,"href":"https:\/\/mystikus.dsignpoint.com\/pt-pt\/wp-json\/wp\/v2\/product_cat?post=26133"},{"taxonomy":"product_tag","embeddable":true,"href":"https:\/\/mystikus.dsignpoint.com\/pt-pt\/wp-json\/wp\/v2\/product_tag?post=26133"}],"curies":[{"name":"wp","href":"https:\/\/api.w.org\/{rel}","templated":true}]}}