{"id":26141,"date":"2025-08-04T17:39:27","date_gmt":"2025-08-04T15:39:27","guid":{"rendered":"https:\/\/mystikus.dsignpoint.com\/producto\/ponta-de-cornalina\/"},"modified":"2025-08-04T17:39:27","modified_gmt":"2025-08-04T15:39:27","slug":"ponta-de-cornalina","status":"publish","type":"product","link":"https:\/\/mystikus.dsignpoint.com\/pt-pt\/producto\/ponta-de-cornalina\/","title":{"rendered":"Ponta de Cornalina"},"content":{"rendered":"<h3 data-start=\"98\" data-end=\"151\"><strong data-start=\"105\" data-end=\"151\">Descri\u00e7\u00e3o esot\u00e9rica \u2013 Ponta de Cornalina<\/strong><\/h3>\n<p data-start=\"153\" data-end=\"464\">A <strong data-start=\"156\" data-end=\"169\">Cornalina<\/strong> \u00e9 uma pedra de <strong data-start=\"187\" data-end=\"234\">vitalidade, a\u00e7\u00e3o e empoderamento pessoal<\/strong>. A sua energia quente estimula o corpo e o esp\u00edrito, ajudando a superar a letargia, o medo e a inseguran\u00e7a. Associada ao <strong data-start=\"362\" data-end=\"378\">chakra sacro<\/strong>, esta pedra favorece a criatividade, a paix\u00e3o e a conex\u00e3o com o prazer de viver.  <\/p>\n<p data-start=\"466\" data-end=\"726\">Em forma de ponta, a Cornalina canaliza a sua energia diretamente para as tuas inten\u00e7\u00f5es, potenciando a motiva\u00e7\u00e3o, a concentra\u00e7\u00e3o e a for\u00e7a de vontade. \u00c9 ideal para quem deseja <strong data-start=\"652\" data-end=\"725\">ativar projetos, elevar a sua autoestima ou despertar o seu fogo interior<\/strong>. <\/p>\n<hr data-start=\"728\" data-end=\"731\">\n<h3 data-start=\"733\" data-end=\"772\">\u2728 <strong data-start=\"739\" data-end=\"772\">Propriedades esot\u00e9ricas chave:<\/strong><\/h3>\n<ul data-start=\"774\" data-end=\"1065\">\n<li data-start=\"774\" data-end=\"829\">\n<p data-start=\"776\" data-end=\"829\">Estimula a criatividade, a paix\u00e3o e a motiva\u00e7\u00e3o.<\/p>\n<\/li>\n<li data-start=\"830\" data-end=\"881\">\n<p data-start=\"832\" data-end=\"881\">Refor\u00e7a a confian\u00e7a em si e a coragem.<\/p>\n<\/li>\n<li data-start=\"882\" data-end=\"939\">\n<p data-start=\"884\" data-end=\"939\">Ajuda a superar bloqueios emocionais e a indecis\u00e3o.<\/p>\n<\/li>\n<li data-start=\"940\" data-end=\"1003\">\n<p data-start=\"942\" data-end=\"1003\">Potencia a conex\u00e3o com o corpo e os desejos aut\u00eanticos.<\/p>\n<\/li>\n<li data-start=\"1004\" data-end=\"1065\">\n<p data-start=\"1006\" data-end=\"1065\">Ideal para iniciar novos ciclos ou recuperar o entusiasmo.<\/p>\n<\/li>\n<\/ul>\n","protected":false},"excerpt":{"rendered":"<p data-start=\"169\" data-end=\"228\"><span style=\"font-size: 1rem; white-space-collapse: preserve;\">A Cornalina \u00e9 uma pedra de vitalidade, a\u00e7\u00e3o e empoderamento pessoal <\/span><\/p>\n<p data-start=\"169\" data-end=\"228\"><span style=\"font-size: 1rem; white-space-collapse: preserve;\">Tamanho 13 cm<\/span><\/p>\n","protected":false},"featured_media":23941,"comment_status":"open","ping_status":"closed","template":"","meta":[],"product_brand":[],"product_cat":[112,231],"product_tag":[],"class_list":{"0":"post-26141","1":"product","2":"type-product","3":"status-publish","4":"has-post-thumbnail","6":"product_cat-minerais","7":"product_cat-pontas","9":"first","10":"instock","11":"shipping-taxable","12":"purchasable","13":"product-type-simple"},"_links":{"self":[{"href":"https:\/\/mystikus.dsignpoint.com\/pt-pt\/wp-json\/wp\/v2\/product\/26141","targetHints":{"allow":["GET"]}}],"collection":[{"href":"https:\/\/mystikus.dsignpoint.com\/pt-pt\/wp-json\/wp\/v2\/product"}],"about":[{"href":"https:\/\/mystikus.dsignpoint.com\/pt-pt\/wp-json\/wp\/v2\/types\/product"}],"replies":[{"embeddable":true,"href":"https:\/\/mystikus.dsignpoint.com\/pt-pt\/wp-json\/wp\/v2\/comments?post=26141"}],"wp:featuredmedia":[{"embeddable":true,"href":"https:\/\/mystikus.dsignpoint.com\/pt-pt\/wp-json\/wp\/v2\/media\/23941"}],"wp:attachment":[{"href":"https:\/\/mystikus.dsignpoint.com\/pt-pt\/wp-json\/wp\/v2\/media?parent=26141"}],"wp:term":[{"taxonomy":"product_brand","embeddable":true,"href":"https:\/\/mystikus.dsignpoint.com\/pt-pt\/wp-json\/wp\/v2\/product_brand?post=26141"},{"taxonomy":"product_cat","embeddable":true,"href":"https:\/\/mystikus.dsignpoint.com\/pt-pt\/wp-json\/wp\/v2\/product_cat?post=26141"},{"taxonomy":"product_tag","embeddable":true,"href":"https:\/\/mystikus.dsignpoint.com\/pt-pt\/wp-json\/wp\/v2\/product_tag?post=26141"}],"curies":[{"name":"wp","href":"https:\/\/api.w.org\/{rel}","templated":true}]}}