{"id":26155,"date":"2025-07-25T15:36:26","date_gmt":"2025-07-25T13:36:26","guid":{"rendered":"https:\/\/mystikus.dsignpoint.com\/producto\/drusa-de-ametista\/"},"modified":"2025-07-25T15:36:26","modified_gmt":"2025-07-25T13:36:26","slug":"drusa-de-ametista","status":"publish","type":"product","link":"https:\/\/mystikus.dsignpoint.com\/pt-pt\/producto\/drusa-de-ametista\/","title":{"rendered":"Drusa de Ametista"},"content":{"rendered":"<p data-start=\"138\" data-end=\"199\"><strong data-start=\"138\" data-end=\"199\">Drusa de Ametista \u2013 Energia, Beleza e Prote\u00e7\u00e3o Natural<\/strong><\/p>\n<p data-start=\"201\" data-end=\"478\">A drusa de ametista \u00e9 uma joia da natureza formada por m\u00faltiplos cristais que emergem de uma mesma base. Esta pedra semipreciosa \u00e9 amplamente reconhecida pelas suas propriedades espirituais e energ\u00e9ticas, sendo um s\u00edmbolo de tranquilidade, sabedoria e conex\u00e3o interior. <\/p>\n<p data-start=\"480\" data-end=\"842\">A ametista trabalha intensamente na limpeza e purifica\u00e7\u00e3o de espa\u00e7os, ajudando a dissipar energias negativas e promovendo uma atmosfera de paz. \u00c9 ideal para colocar em lares, escrit\u00f3rios, altares ou espa\u00e7os de medita\u00e7\u00e3o, onde atua como um poderoso escudo energ\u00e9tico. Al\u00e9m disso, favorece a concentra\u00e7\u00e3o, o equil\u00edbrio emocional e o desenvolvimento espiritual.  <\/p>\n<p data-start=\"844\" data-end=\"1123\">Cada drusa \u00e9 \u00fanica, com forma\u00e7\u00f5es que refletem a harmonia do mundo mineral. A sua cor violeta varia desde tons suaves at\u00e9 profundos, irradiando beleza e sofistica\u00e7\u00e3o. \u00c9 tamb\u00e9m um presente significativo, perfeito para quem procura bem-estar e prote\u00e7\u00e3o no seu dia a dia.  <\/p>\n<p data-start=\"1125\" data-end=\"1142\"><strong data-start=\"1125\" data-end=\"1142\">Usos comuns:<\/strong><\/p>\n<ul data-start=\"1143\" data-end=\"1283\">\n<li data-start=\"1143\" data-end=\"1182\">\n<p data-start=\"1145\" data-end=\"1182\">Medita\u00e7\u00e3o e pr\u00e1ticas espirituais<\/p>\n<\/li>\n<li data-start=\"1183\" data-end=\"1212\">\n<p data-start=\"1185\" data-end=\"1212\">Harmoniza\u00e7\u00e3o de ambientes<\/p>\n<\/li>\n<li data-start=\"1213\" data-end=\"1248\">\n<p data-start=\"1215\" data-end=\"1248\">Decora\u00e7\u00e3o energ\u00e9tica e natural<\/p>\n<\/li>\n<li data-start=\"1249\" data-end=\"1283\">\n<p data-start=\"1251\" data-end=\"1283\">Prote\u00e7\u00e3o energ\u00e9tica pessoal<\/p>\n<\/li>\n<\/ul>\n<p data-start=\"1285\" data-end=\"1395\"><strong data-start=\"1285\" data-end=\"1305\">Chakra associado:<\/strong> Terceiro olho e coroa<br data-start=\"1325\" data-end=\"1328\"><strong data-start=\"1328\" data-end=\"1341\">Elemento:<\/strong> Ar<br data-start=\"1346\" data-end=\"1349\"><strong data-start=\"1349\" data-end=\"1368\">Signo zodiacal:<\/strong> Peixes, Aqu\u00e1rio, Sagit\u00e1rio<\/p>\n<p data-start=\"1397\" data-end=\"1501\">Incorpora uma drusa de ametista na tua vida e permite que a sua energia transforme o teu espa\u00e7o e o teu interior.<\/p>\n<div class=\"spec-desc\">Medida cm \u00b19&#215;4 cm<\/div>\n<div>\n<p>&nbsp;<\/p>\n<p><strong>Aten\u00e7\u00e3o:<br \/>\n<\/strong><em>Este \u00e9 um produto natural, pelo que a cor e a forma podem variar e diferir da foto mostrada.<\/em><\/p>\n<\/div>\n","protected":false},"excerpt":{"rendered":"<div class=\"spec-desc\">Medida cm \u00b19&#215;4 cm<\/div>\n<div>\n<p>&nbsp;<\/p>\n<\/div>\n","protected":false},"featured_media":23930,"comment_status":"closed","ping_status":"closed","template":"","meta":[],"product_brand":[],"product_cat":[174,112,111],"product_tag":[],"class_list":{"0":"post-26155","1":"product","2":"type-product","3":"status-publish","4":"has-post-thumbnail","6":"product_cat-geodes-e-drusas","7":"product_cat-minerais","8":"product_cat-minerais-e-joias","10":"first","11":"instock","12":"shipping-taxable","13":"purchasable","14":"product-type-simple"},"_links":{"self":[{"href":"https:\/\/mystikus.dsignpoint.com\/pt-pt\/wp-json\/wp\/v2\/product\/26155","targetHints":{"allow":["GET"]}}],"collection":[{"href":"https:\/\/mystikus.dsignpoint.com\/pt-pt\/wp-json\/wp\/v2\/product"}],"about":[{"href":"https:\/\/mystikus.dsignpoint.com\/pt-pt\/wp-json\/wp\/v2\/types\/product"}],"replies":[{"embeddable":true,"href":"https:\/\/mystikus.dsignpoint.com\/pt-pt\/wp-json\/wp\/v2\/comments?post=26155"}],"wp:featuredmedia":[{"embeddable":true,"href":"https:\/\/mystikus.dsignpoint.com\/pt-pt\/wp-json\/wp\/v2\/media\/23930"}],"wp:attachment":[{"href":"https:\/\/mystikus.dsignpoint.com\/pt-pt\/wp-json\/wp\/v2\/media?parent=26155"}],"wp:term":[{"taxonomy":"product_brand","embeddable":true,"href":"https:\/\/mystikus.dsignpoint.com\/pt-pt\/wp-json\/wp\/v2\/product_brand?post=26155"},{"taxonomy":"product_cat","embeddable":true,"href":"https:\/\/mystikus.dsignpoint.com\/pt-pt\/wp-json\/wp\/v2\/product_cat?post=26155"},{"taxonomy":"product_tag","embeddable":true,"href":"https:\/\/mystikus.dsignpoint.com\/pt-pt\/wp-json\/wp\/v2\/product_tag?post=26155"}],"curies":[{"name":"wp","href":"https:\/\/api.w.org\/{rel}","templated":true}]}}