{"id":26157,"date":"2025-07-22T18:37:06","date_gmt":"2025-07-22T16:37:06","guid":{"rendered":"https:\/\/mystikus.dsignpoint.com\/producto\/pulseira-de-chips-de-citrino\/"},"modified":"2025-07-22T18:37:06","modified_gmt":"2025-07-22T16:37:06","slug":"pulseira-de-chips-de-citrino","status":"publish","type":"product","link":"https:\/\/mystikus.dsignpoint.com\/pt-pt\/producto\/pulseira-de-chips-de-citrino\/","title":{"rendered":"Pulseira de Chips de Citrino"},"content":{"rendered":"<hr data-start=\"122\" data-end=\"125\">\n<p data-start=\"156\" data-end=\"232\"><strong data-start=\"156\" data-end=\"232\">Pulseira de Chips de Citrino \u2013 Abund\u00e2ncia, Energia Positiva e Criatividade<\/strong><\/p>\n<p data-start=\"234\" data-end=\"478\">Irradia luz, alegria e poder pessoal com esta pulseira de chips naturais de citrino. A sua cor dourada e quente evoca o sol, e a sua energia vibrante torna-a numa das pedras mais poderosas para atrair prosperidade, otimismo e motiva\u00e7\u00e3o. <\/p>\n<p data-start=\"480\" data-end=\"723\">O citrino \u00e9 conhecido como a pedra da abund\u00e2ncia. Promove a riqueza em todos os sentidos: econ\u00f3mica, emocional e espiritual. \u00c9 ideal para quem deseja manifestar as suas metas, superar bloqueios internos e viver com entusiasmo renovado.  <\/p>\n<p data-start=\"725\" data-end=\"765\"><strong data-start=\"725\" data-end=\"765\">Propriedades energ\u00e9ticas do citrino:<\/strong><\/p>\n<ul data-start=\"766\" data-end=\"960\">\n<li data-start=\"766\" data-end=\"809\">\n<p data-start=\"768\" data-end=\"809\">Atrai prosperidade, sucesso e oportunidades.<\/p>\n<\/li>\n<li data-start=\"810\" data-end=\"855\">\n<p data-start=\"812\" data-end=\"855\">Potencia a autoestima e o poder pessoal.<\/p>\n<\/li>\n<li data-start=\"856\" data-end=\"906\">\n<p data-start=\"858\" data-end=\"906\">Dissipa energias negativas e promove a alegria.<\/p>\n<\/li>\n<li data-start=\"907\" data-end=\"960\">\n<p data-start=\"909\" data-end=\"960\">Estimula a criatividade, a vitalidade e o foco.<\/p>\n<\/li>\n<\/ul>\n<p data-start=\"962\" data-end=\"995\"><strong data-start=\"962\" data-end=\"995\">Caracter\u00edsticas do produto:<\/strong><\/p>\n<ul data-start=\"996\" data-end=\"1264\">\n<li data-start=\"996\" data-end=\"1047\">\n<p data-start=\"998\" data-end=\"1047\">Material: Chips naturais de citrino (sem tingir).<\/p>\n<\/li>\n<li data-start=\"1048\" data-end=\"1103\">\n<p data-start=\"1050\" data-end=\"1103\">Design el\u00e1stico\/adapt\u00e1vel feito \u00e0 m\u00e3o com inten\u00e7\u00e3o.<\/p>\n<\/li>\n<li data-start=\"1104\" data-end=\"1189\">\n<p data-start=\"1106\" data-end=\"1189\">Ideal para uso di\u00e1rio, rituais de manifesta\u00e7\u00e3o ou momentos de renova\u00e7\u00e3o pessoal.<\/p>\n<\/li>\n<li data-start=\"1190\" data-end=\"1264\">\n<p data-start=\"1192\" data-end=\"1264\">Perfeita como talism\u00e3 para empreendedores, artistas e buscadores de luz.<\/p>\n<\/li>\n<\/ul>\n<p data-start=\"1266\" data-end=\"1420\">Usa esta pulseira como s\u00edmbolo de crescimento, alegria e confian\u00e7a no teu caminho. Que cada pedra te recorde que \u00e9s capaz de brilhar com for\u00e7a pr\u00f3pria. <\/p>\n","protected":false},"excerpt":{"rendered":"<p>Pulseira de Chips de Citrino \u2013 Abund\u00e2ncia, Energia Positiva e Criatividade Irradia luz, alegria e poder pessoal com esta pulseira de chips naturais de citrino. A sua cor dourada e quente evoca o sol, e a sua energia vibrante torna-a numa das pedras mais poderosas para atrair prosperidade, otimismo e motiva\u00e7\u00e3o. O citrino \u00e9 conhecido [&hellip;]<\/p>\n","protected":false},"featured_media":23925,"comment_status":"open","ping_status":"closed","template":"","meta":[],"product_brand":[],"product_cat":[112,111,133],"product_tag":[],"class_list":{"0":"post-26157","1":"product","2":"type-product","3":"status-publish","4":"has-post-thumbnail","6":"product_cat-minerais","7":"product_cat-minerais-e-joias","8":"product_cat-pulseiras","10":"first","11":"instock","12":"shipping-taxable","13":"purchasable","14":"product-type-simple"},"_links":{"self":[{"href":"https:\/\/mystikus.dsignpoint.com\/pt-pt\/wp-json\/wp\/v2\/product\/26157","targetHints":{"allow":["GET"]}}],"collection":[{"href":"https:\/\/mystikus.dsignpoint.com\/pt-pt\/wp-json\/wp\/v2\/product"}],"about":[{"href":"https:\/\/mystikus.dsignpoint.com\/pt-pt\/wp-json\/wp\/v2\/types\/product"}],"replies":[{"embeddable":true,"href":"https:\/\/mystikus.dsignpoint.com\/pt-pt\/wp-json\/wp\/v2\/comments?post=26157"}],"wp:featuredmedia":[{"embeddable":true,"href":"https:\/\/mystikus.dsignpoint.com\/pt-pt\/wp-json\/wp\/v2\/media\/23925"}],"wp:attachment":[{"href":"https:\/\/mystikus.dsignpoint.com\/pt-pt\/wp-json\/wp\/v2\/media?parent=26157"}],"wp:term":[{"taxonomy":"product_brand","embeddable":true,"href":"https:\/\/mystikus.dsignpoint.com\/pt-pt\/wp-json\/wp\/v2\/product_brand?post=26157"},{"taxonomy":"product_cat","embeddable":true,"href":"https:\/\/mystikus.dsignpoint.com\/pt-pt\/wp-json\/wp\/v2\/product_cat?post=26157"},{"taxonomy":"product_tag","embeddable":true,"href":"https:\/\/mystikus.dsignpoint.com\/pt-pt\/wp-json\/wp\/v2\/product_tag?post=26157"}],"curies":[{"name":"wp","href":"https:\/\/api.w.org\/{rel}","templated":true}]}}