{"id":26178,"date":"2025-07-22T18:10:22","date_gmt":"2025-07-22T16:10:22","guid":{"rendered":"https:\/\/mystikus.dsignpoint.com\/producto\/pulseira-de-chips-de-ametista\/"},"modified":"2025-07-22T18:10:22","modified_gmt":"2025-07-22T16:10:22","slug":"pulseira-de-chips-de-ametista","status":"publish","type":"product","link":"https:\/\/mystikus.dsignpoint.com\/pt-pt\/producto\/pulseira-de-chips-de-ametista\/","title":{"rendered":"Pulseira de Chips de Ametista"},"content":{"rendered":"<p data-start=\"198\" data-end=\"270\"><strong data-start=\"198\" data-end=\"270\">Pulseira de Chips de Ametista \u2013 Energia, Equil\u00edbrio e Beleza Natural<\/strong><\/p>\n<p data-start=\"272\" data-end=\"534\">Descobre a harmonia entre o est\u00e9tico e o espiritual com esta pulseira artesanal elaborada com chips naturais de ametista. Cada pedra foi cuidadosamente selecionada para oferecer n\u00e3o s\u00f3 um acess\u00f3rio elegante, mas tamb\u00e9m uma experi\u00eancia energ\u00e9tica \u00fanica. <\/p>\n<p data-start=\"536\" data-end=\"824\">A ametista \u00e9 conhecida desde a antiguidade pelas suas poderosas propriedades m\u00edsticas. Considerada uma pedra de prote\u00e7\u00e3o e transforma\u00e7\u00e3o, ajuda a acalmar a mente, reduzir o stress e favorecer a clareza mental. Tamb\u00e9m se associa \u00e0 intui\u00e7\u00e3o, \u00e0 sabedoria e \u00e0 conex\u00e3o espiritual.  <\/p>\n<p data-start=\"826\" data-end=\"868\"><strong data-start=\"826\" data-end=\"868\">Benef\u00edcios energ\u00e9ticos da ametista:<\/strong><\/p>\n<ul data-start=\"869\" data-end=\"1085\">\n<li data-start=\"869\" data-end=\"912\">\n<p data-start=\"871\" data-end=\"912\">Favorece a paz interior e o relaxamento.<\/p>\n<\/li>\n<li data-start=\"913\" data-end=\"964\">\n<p data-start=\"915\" data-end=\"964\">Estimula a medita\u00e7\u00e3o e o equil\u00edbrio emocional.<\/p>\n<\/li>\n<li data-start=\"965\" data-end=\"1024\">\n<p data-start=\"967\" data-end=\"1024\">Protege contra energias negativas e pensamentos t\u00f3xicos.<\/p>\n<\/li>\n<li data-start=\"1025\" data-end=\"1085\">\n<p data-start=\"1027\" data-end=\"1085\">Potencia a intui\u00e7\u00e3o e a tomada de decis\u00f5es conscientes.<\/p>\n<\/li>\n<\/ul>\n<p data-start=\"1087\" data-end=\"1120\"><strong data-start=\"1087\" data-end=\"1120\">Caracter\u00edsticas do produto:<\/strong><\/p>\n<ul data-start=\"1121\" data-end=\"1334\">\n<li data-start=\"1121\" data-end=\"1166\">\n<p data-start=\"1123\" data-end=\"1166\">Material: Chips de ametista 100% naturais.<\/p>\n<\/li>\n<li data-start=\"1167\" data-end=\"1229\">\n<p data-start=\"1169\" data-end=\"1229\">Design el\u00e1stico\/adapt\u00e1vel (opcional, pode ser personalizado).<\/p>\n<\/li>\n<li data-start=\"1230\" data-end=\"1269\">\n<p data-start=\"1232\" data-end=\"1269\">Feito \u00e0 m\u00e3o com inten\u00e7\u00e3o e cuidado.<\/p>\n<\/li>\n<li data-start=\"1270\" data-end=\"1334\">\n<p data-start=\"1272\" data-end=\"1334\">Ideal para uso di\u00e1rio, medita\u00e7\u00e3o ou como presente significativo.<\/p>\n<\/li>\n<\/ul>\n<p data-start=\"1336\" data-end=\"1480\">Usa esta pulseira como s\u00edmbolo de calma, prote\u00e7\u00e3o e beleza natural. Perfeita para quem procura um estilo aut\u00eantico com um toque espiritual. <\/p>\n","protected":false},"excerpt":{"rendered":"<p>Pulseira de Chips de Ametista \u2013 Energia, Equil\u00edbrio e Beleza Natural Descobre a harmonia entre o est\u00e9tico e o espiritual com esta pulseira artesanal elaborada com chips naturais de ametista. Cada pedra foi cuidadosamente selecionada para oferecer n\u00e3o s\u00f3 um acess\u00f3rio elegante, mas tamb\u00e9m uma experi\u00eancia energ\u00e9tica \u00fanica. A ametista \u00e9 conhecida desde a antiguidade [&hellip;]<\/p>\n","protected":false},"featured_media":23914,"comment_status":"open","ping_status":"closed","template":"","meta":[],"product_brand":[],"product_cat":[112,111,133],"product_tag":[],"class_list":{"0":"post-26178","1":"product","2":"type-product","3":"status-publish","4":"has-post-thumbnail","6":"product_cat-minerais","7":"product_cat-minerais-e-joias","8":"product_cat-pulseiras","10":"first","11":"instock","12":"shipping-taxable","13":"purchasable","14":"product-type-simple"},"_links":{"self":[{"href":"https:\/\/mystikus.dsignpoint.com\/pt-pt\/wp-json\/wp\/v2\/product\/26178","targetHints":{"allow":["GET"]}}],"collection":[{"href":"https:\/\/mystikus.dsignpoint.com\/pt-pt\/wp-json\/wp\/v2\/product"}],"about":[{"href":"https:\/\/mystikus.dsignpoint.com\/pt-pt\/wp-json\/wp\/v2\/types\/product"}],"replies":[{"embeddable":true,"href":"https:\/\/mystikus.dsignpoint.com\/pt-pt\/wp-json\/wp\/v2\/comments?post=26178"}],"wp:featuredmedia":[{"embeddable":true,"href":"https:\/\/mystikus.dsignpoint.com\/pt-pt\/wp-json\/wp\/v2\/media\/23914"}],"wp:attachment":[{"href":"https:\/\/mystikus.dsignpoint.com\/pt-pt\/wp-json\/wp\/v2\/media?parent=26178"}],"wp:term":[{"taxonomy":"product_brand","embeddable":true,"href":"https:\/\/mystikus.dsignpoint.com\/pt-pt\/wp-json\/wp\/v2\/product_brand?post=26178"},{"taxonomy":"product_cat","embeddable":true,"href":"https:\/\/mystikus.dsignpoint.com\/pt-pt\/wp-json\/wp\/v2\/product_cat?post=26178"},{"taxonomy":"product_tag","embeddable":true,"href":"https:\/\/mystikus.dsignpoint.com\/pt-pt\/wp-json\/wp\/v2\/product_tag?post=26178"}],"curies":[{"name":"wp","href":"https:\/\/api.w.org\/{rel}","templated":true}]}}