{"id":26210,"date":"2025-07-19T12:00:48","date_gmt":"2025-07-19T10:00:48","guid":{"rendered":"https:\/\/mystikus.dsignpoint.com\/producto\/pulseira-lucky-charme-mao-de-fatima\/"},"modified":"2025-07-19T12:00:48","modified_gmt":"2025-07-19T10:00:48","slug":"pulseira-lucky-charme-mao-de-fatima","status":"publish","type":"product","link":"https:\/\/mystikus.dsignpoint.com\/pt-pt\/producto\/pulseira-lucky-charme-mao-de-fatima\/","title":{"rendered":"Pulseira Lucky Charme M\u00e3o de F\u00e1tima"},"content":{"rendered":"<p data-start=\"149\" data-end=\"233\"><strong data-start=\"149\" data-end=\"233\">&#8220;Pulseira Lucky Charm com M\u00e3o de F\u00e1tima \u2013 Prote\u00e7\u00e3o, Sorte e Energia Positiva&#8221;<\/strong><\/p>\n<p data-start=\"235\" data-end=\"433\">A pulseira Lucky Charm com o s\u00edmbolo da M\u00e3o de F\u00e1tima (Hams\u00e1) \u00e9 um poderoso amuleto usado desde a antiguidade para atrair a boa sorte, afastar o mau-olhado e brindar prote\u00e7\u00e3o espiritual.<\/p>\n<p data-start=\"435\" data-end=\"676\">A M\u00e3o de F\u00e1tima \u00e9 reconhecida universalmente como um s\u00edmbolo de defesa contra energias negativas, promovendo, al\u00e9m disso, paz, bem-estar e b\u00ean\u00e7\u00e3os. Este charm atua como um guardi\u00e3o que protege o portador em todos os aspetos da sua vida. <\/p>\n<p data-start=\"678\" data-end=\"939\">Elaborada com materiais de qualidade, esta pulseira combina eleg\u00e2ncia e simbolismo. O seu design ajust\u00e1vel torna-a confort\u00e1vel e perfeita para uso di\u00e1rio. Ideal para pessoas espirituais, crentes ou simplesmente para quem procura um acess\u00f3rio com estilo e significado.  <\/p>\n<p data-start=\"941\" data-end=\"1134\">Um presente cheio de inten\u00e7\u00e3o, ideal para transmitir bons desejos, prote\u00e7\u00e3o e energia positiva a quem mais queres\u2026 ou para ti, como recordat\u00f3rio da tua for\u00e7a interior e conex\u00e3o espiritual.<\/p>\n","protected":false},"excerpt":{"rendered":"<p>&#8220;Pulseira Lucky Charm com M\u00e3o de F\u00e1tima \u2013 Prote\u00e7\u00e3o, Sorte e Energia Positiva&#8221; A pulseira Lucky Charm com o s\u00edmbolo da M\u00e3o de F\u00e1tima (Hams\u00e1) \u00e9 um poderoso amuleto usado desde a antiguidade para atrair a boa sorte, afastar o mau-olhado e brindar prote\u00e7\u00e3o espiritual. A M\u00e3o de F\u00e1tima \u00e9 reconhecida universalmente como um s\u00edmbolo [&hellip;]<\/p>\n","protected":false},"featured_media":23903,"comment_status":"open","ping_status":"closed","template":"","meta":[],"product_brand":[],"product_cat":[135,253,226],"product_tag":[],"class_list":{"0":"post-26210","1":"product","2":"type-product","3":"status-publish","4":"has-post-thumbnail","6":"product_cat-esotericos","7":"product_cat-pulseiras-espirituais","8":"product_cat-talismas-e-amuletos","10":"first","11":"instock","12":"shipping-taxable","13":"purchasable","14":"product-type-simple"},"_links":{"self":[{"href":"https:\/\/mystikus.dsignpoint.com\/pt-pt\/wp-json\/wp\/v2\/product\/26210","targetHints":{"allow":["GET"]}}],"collection":[{"href":"https:\/\/mystikus.dsignpoint.com\/pt-pt\/wp-json\/wp\/v2\/product"}],"about":[{"href":"https:\/\/mystikus.dsignpoint.com\/pt-pt\/wp-json\/wp\/v2\/types\/product"}],"replies":[{"embeddable":true,"href":"https:\/\/mystikus.dsignpoint.com\/pt-pt\/wp-json\/wp\/v2\/comments?post=26210"}],"wp:featuredmedia":[{"embeddable":true,"href":"https:\/\/mystikus.dsignpoint.com\/pt-pt\/wp-json\/wp\/v2\/media\/23903"}],"wp:attachment":[{"href":"https:\/\/mystikus.dsignpoint.com\/pt-pt\/wp-json\/wp\/v2\/media?parent=26210"}],"wp:term":[{"taxonomy":"product_brand","embeddable":true,"href":"https:\/\/mystikus.dsignpoint.com\/pt-pt\/wp-json\/wp\/v2\/product_brand?post=26210"},{"taxonomy":"product_cat","embeddable":true,"href":"https:\/\/mystikus.dsignpoint.com\/pt-pt\/wp-json\/wp\/v2\/product_cat?post=26210"},{"taxonomy":"product_tag","embeddable":true,"href":"https:\/\/mystikus.dsignpoint.com\/pt-pt\/wp-json\/wp\/v2\/product_tag?post=26210"}],"curies":[{"name":"wp","href":"https:\/\/api.w.org\/{rel}","templated":true}]}}