{"id":26217,"date":"2025-07-19T12:04:27","date_gmt":"2025-07-19T10:04:27","guid":{"rendered":"https:\/\/mystikus.dsignpoint.com\/producto\/pulseira-lucky-charme-olho-turco\/"},"modified":"2025-07-19T12:04:27","modified_gmt":"2025-07-19T10:04:27","slug":"pulseira-lucky-charme-olho-turco","status":"publish","type":"product","link":"https:\/\/mystikus.dsignpoint.com\/pt-pt\/producto\/pulseira-lucky-charme-olho-turco\/","title":{"rendered":"Pulseira Lucky Charme Olho Turco"},"content":{"rendered":"<p data-start=\"173\" data-end=\"251\"><strong data-start=\"173\" data-end=\"251\">Pulseira Lucky Charm com Olho Turco \u2013 Prote\u00e7\u00e3o, Intui\u00e7\u00e3o e Boa Sorte<\/strong><\/p>\n<p data-start=\"253\" data-end=\"454\">A pulseira Lucky Charm com Olho Turco \u00e9 muito mais do que um acess\u00f3rio: \u00e9 um amuleto ancestral de prote\u00e7\u00e3o energ\u00e9tica, concebido para absorver e desviar o mau-olhado, a inveja e as m\u00e1s vibra\u00e7\u00f5es.<\/p>\n<p data-start=\"456\" data-end=\"735\">O Olho Turco, tamb\u00e9m conhecido como \u201cnazar\u201d ou \u201co olho que tudo v\u00ea\u201d, simboliza a vigil\u00e2ncia espiritual e a intui\u00e7\u00e3o. Acredita-se que atua como um escudo invis\u00edvel, protegendo o portador de influ\u00eancias negativas e ajudando a manter a paz interior e o equil\u00edbrio emocional. <\/p>\n<p data-start=\"737\" data-end=\"924\">Confecionada com materiais de qualidade e um design moderno e ajust\u00e1vel, esta pulseira \u00e9 perfeita para usar todos os dias. Aporta estilo, energia positiva e um toque m\u00edstico ao seu look. <\/p>\n<p data-start=\"926\" data-end=\"1118\">Ideal como presente com inten\u00e7\u00e3o: transmite prote\u00e7\u00e3o, bons desejos e energia limpa a quem mais gosta. Tamb\u00e9m \u00e9 perfeita para si, como s\u00edmbolo de for\u00e7a, clareza e cuidado espiritual. <\/p>\n","protected":false},"excerpt":{"rendered":"<p>Pulseira Lucky Charm com Olho Turco \u2013 Prote\u00e7\u00e3o, Intui\u00e7\u00e3o e Boa Sorte A pulseira Lucky Charm com Olho Turco \u00e9 muito mais do que um acess\u00f3rio: \u00e9 um amuleto ancestral de prote\u00e7\u00e3o energ\u00e9tica, concebido para absorver e desviar o mau-olhado, a inveja e as m\u00e1s vibra\u00e7\u00f5es. O Olho Turco, tamb\u00e9m conhecido como \u201cnazar\u201d ou \u201co [&hellip;]<\/p>\n","protected":false},"featured_media":23906,"comment_status":"open","ping_status":"closed","template":"","meta":[],"product_brand":[],"product_cat":[135,253,226],"product_tag":[],"class_list":{"0":"post-26217","1":"product","2":"type-product","3":"status-publish","4":"has-post-thumbnail","6":"product_cat-esotericos","7":"product_cat-pulseiras-espirituais","8":"product_cat-talismas-e-amuletos","10":"first","11":"instock","12":"shipping-taxable","13":"purchasable","14":"product-type-simple"},"_links":{"self":[{"href":"https:\/\/mystikus.dsignpoint.com\/pt-pt\/wp-json\/wp\/v2\/product\/26217","targetHints":{"allow":["GET"]}}],"collection":[{"href":"https:\/\/mystikus.dsignpoint.com\/pt-pt\/wp-json\/wp\/v2\/product"}],"about":[{"href":"https:\/\/mystikus.dsignpoint.com\/pt-pt\/wp-json\/wp\/v2\/types\/product"}],"replies":[{"embeddable":true,"href":"https:\/\/mystikus.dsignpoint.com\/pt-pt\/wp-json\/wp\/v2\/comments?post=26217"}],"wp:featuredmedia":[{"embeddable":true,"href":"https:\/\/mystikus.dsignpoint.com\/pt-pt\/wp-json\/wp\/v2\/media\/23906"}],"wp:attachment":[{"href":"https:\/\/mystikus.dsignpoint.com\/pt-pt\/wp-json\/wp\/v2\/media?parent=26217"}],"wp:term":[{"taxonomy":"product_brand","embeddable":true,"href":"https:\/\/mystikus.dsignpoint.com\/pt-pt\/wp-json\/wp\/v2\/product_brand?post=26217"},{"taxonomy":"product_cat","embeddable":true,"href":"https:\/\/mystikus.dsignpoint.com\/pt-pt\/wp-json\/wp\/v2\/product_cat?post=26217"},{"taxonomy":"product_tag","embeddable":true,"href":"https:\/\/mystikus.dsignpoint.com\/pt-pt\/wp-json\/wp\/v2\/product_tag?post=26217"}],"curies":[{"name":"wp","href":"https:\/\/api.w.org\/{rel}","templated":true}]}}