{"id":26226,"date":"2025-07-19T11:37:50","date_gmt":"2025-07-19T09:37:50","guid":{"rendered":"https:\/\/mystikus.dsignpoint.com\/producto\/pulseira-sete-nos-com-medalha-de-sao-bento\/"},"modified":"2025-07-19T11:37:50","modified_gmt":"2025-07-19T09:37:50","slug":"pulseira-sete-nos-com-medalha-de-sao-bento","status":"publish","type":"product","link":"https:\/\/mystikus.dsignpoint.com\/pt-pt\/producto\/pulseira-sete-nos-com-medalha-de-sao-bento\/","title":{"rendered":"Pulseira Sete N\u00f3s com Medalha de S\u00e3o Bento"},"content":{"rendered":"<p data-start=\"135\" data-end=\"211\"><strong data-start=\"135\" data-end=\"211\">\u201cPulseira dos Sete N\u00f3s com Medalha de S\u00e3o Bento \u2013 Prote\u00e7\u00e3o e F\u00e9\u201d<\/strong><\/p>\n<p data-start=\"213\" data-end=\"401\">Esta pulseira combina a poderosa simbologia espiritual dos sete n\u00f3s com a medalha de S\u00e3o Bento, reconhecida pela sua for\u00e7a protetora contra energias negativas e m\u00e1s influ\u00eancias.<\/p>\n<p data-start=\"403\" data-end=\"631\">Elaborada \u00e0 m\u00e3o com fio de alta resist\u00eancia, o seu design ajust\u00e1vel adapta-se confortavelmente a qualquer pulso. Cada um dos sete n\u00f3s representa uma inten\u00e7\u00e3o ou desejo de prote\u00e7\u00e3o, sa\u00fade, prosperidade, amor, paz, for\u00e7a e f\u00e9. <\/p>\n<p data-start=\"633\" data-end=\"857\">A medalha de S\u00e3o Bento, situada no centro, \u00e9 um antigo s\u00edmbolo de defesa espiritual, b\u00ean\u00e7\u00e3o e guia. Ideal para usar todos os dias como amuleto ou oferecer a algu\u00e9m especial como gesto de cuidado e bons desejos. <\/p>\n<p data-start=\"859\" data-end=\"957\">Perfeita para quem procura um acess\u00f3rio com significado, elegante e carregado de energia positiva.<\/p>\n","protected":false},"excerpt":{"rendered":"<p>\u201cPulseira dos Sete N\u00f3s com Medalha de S\u00e3o Bento \u2013 Prote\u00e7\u00e3o e F\u00e9\u201d Esta pulseira combina a poderosa simbologia espiritual dos sete n\u00f3s com a medalha de S\u00e3o Bento, reconhecida pela sua for\u00e7a protetora contra energias negativas e m\u00e1s influ\u00eancias. Elaborada \u00e0 m\u00e3o com fio de alta resist\u00eancia, o seu design ajust\u00e1vel adapta-se confortavelmente a [&hellip;]<\/p>\n","protected":false},"featured_media":23897,"comment_status":"open","ping_status":"closed","template":"","meta":[],"product_brand":[],"product_cat":[135,253,226],"product_tag":[],"class_list":{"0":"post-26226","1":"product","2":"type-product","3":"status-publish","4":"has-post-thumbnail","6":"product_cat-esotericos","7":"product_cat-pulseiras-espirituais","8":"product_cat-talismas-e-amuletos","10":"first","11":"instock","12":"shipping-taxable","13":"purchasable","14":"product-type-simple"},"_links":{"self":[{"href":"https:\/\/mystikus.dsignpoint.com\/pt-pt\/wp-json\/wp\/v2\/product\/26226","targetHints":{"allow":["GET"]}}],"collection":[{"href":"https:\/\/mystikus.dsignpoint.com\/pt-pt\/wp-json\/wp\/v2\/product"}],"about":[{"href":"https:\/\/mystikus.dsignpoint.com\/pt-pt\/wp-json\/wp\/v2\/types\/product"}],"replies":[{"embeddable":true,"href":"https:\/\/mystikus.dsignpoint.com\/pt-pt\/wp-json\/wp\/v2\/comments?post=26226"}],"wp:featuredmedia":[{"embeddable":true,"href":"https:\/\/mystikus.dsignpoint.com\/pt-pt\/wp-json\/wp\/v2\/media\/23897"}],"wp:attachment":[{"href":"https:\/\/mystikus.dsignpoint.com\/pt-pt\/wp-json\/wp\/v2\/media?parent=26226"}],"wp:term":[{"taxonomy":"product_brand","embeddable":true,"href":"https:\/\/mystikus.dsignpoint.com\/pt-pt\/wp-json\/wp\/v2\/product_brand?post=26226"},{"taxonomy":"product_cat","embeddable":true,"href":"https:\/\/mystikus.dsignpoint.com\/pt-pt\/wp-json\/wp\/v2\/product_cat?post=26226"},{"taxonomy":"product_tag","embeddable":true,"href":"https:\/\/mystikus.dsignpoint.com\/pt-pt\/wp-json\/wp\/v2\/product_tag?post=26226"}],"curies":[{"name":"wp","href":"https:\/\/api.w.org\/{rel}","templated":true}]}}