{"id":26234,"date":"2025-07-19T11:46:19","date_gmt":"2025-07-19T09:46:19","guid":{"rendered":"https:\/\/mystikus.dsignpoint.com\/producto\/pulseira-sete-nos-vermelha\/"},"modified":"2025-07-19T11:46:19","modified_gmt":"2025-07-19T09:46:19","slug":"pulseira-sete-nos-vermelha","status":"publish","type":"product","link":"https:\/\/mystikus.dsignpoint.com\/pt-pt\/producto\/pulseira-sete-nos-vermelha\/","title":{"rendered":"Pulseira Sete N\u00f3s Vermelha"},"content":{"rendered":"<p data-start=\"155\" data-end=\"229\"><strong data-start=\"155\" data-end=\"229\">&#8220;Pulseira Vermelha dos Sete N\u00f3s \u2013 Prote\u00e7\u00e3o, Energia e Boa Sorte&#8221;<\/strong><\/p>\n<p data-start=\"231\" data-end=\"403\">Inspirada em antigas tradi\u00e7\u00f5es de prote\u00e7\u00e3o espiritual, a pulseira vermelha de sete n\u00f3s \u00e9 um amuleto poderoso contra a inveja, o mau-olhado e as energias negativas.<\/p>\n<p data-start=\"405\" data-end=\"676\">Cada um dos seus sete n\u00f3s representa uma barreira de prote\u00e7\u00e3o e est\u00e1 associado a desejos de sa\u00fade, amor, prosperidade, for\u00e7a, paz interior, equil\u00edbrio e boa sorte. A cor vermelha simboliza a vida, a paix\u00e3o e a energia positiva, atuando como um escudo espiritual. <\/p>\n<p data-start=\"678\" data-end=\"859\">Feita \u00e0 m\u00e3o com fio vermelho resistente e design ajust\u00e1vel para maior conforto, esta pulseira \u00e9 ideal para usar diariamente como s\u00edmbolo de f\u00e9, for\u00e7a interior e conex\u00e3o com o divino.<\/p>\n<p data-start=\"861\" data-end=\"1012\">Um acess\u00f3rio carregado de inten\u00e7\u00e3o, perfeito como presente para amigos, entes queridos ou para ti como lembrete de prote\u00e7\u00e3o e energia renovada.<\/p>\n","protected":false},"excerpt":{"rendered":"<p>&#8220;Pulseira Vermelha dos Sete N\u00f3s \u2013 Prote\u00e7\u00e3o, Energia e Boa Sorte&#8221; Inspirada em antigas tradi\u00e7\u00f5es de prote\u00e7\u00e3o espiritual, a pulseira vermelha de sete n\u00f3s \u00e9 um amuleto poderoso contra a inveja, o mau-olhado e as energias negativas. Cada um dos seus sete n\u00f3s representa uma barreira de prote\u00e7\u00e3o e est\u00e1 associado a desejos de sa\u00fade, [&hellip;]<\/p>\n","protected":false},"featured_media":23899,"comment_status":"open","ping_status":"closed","template":"","meta":[],"product_brand":[],"product_cat":[135,253,226],"product_tag":[],"class_list":{"0":"post-26234","1":"product","2":"type-product","3":"status-publish","4":"has-post-thumbnail","6":"product_cat-esotericos","7":"product_cat-pulseiras-espirituais","8":"product_cat-talismas-e-amuletos","10":"first","11":"instock","12":"shipping-taxable","13":"purchasable","14":"product-type-simple"},"_links":{"self":[{"href":"https:\/\/mystikus.dsignpoint.com\/pt-pt\/wp-json\/wp\/v2\/product\/26234","targetHints":{"allow":["GET"]}}],"collection":[{"href":"https:\/\/mystikus.dsignpoint.com\/pt-pt\/wp-json\/wp\/v2\/product"}],"about":[{"href":"https:\/\/mystikus.dsignpoint.com\/pt-pt\/wp-json\/wp\/v2\/types\/product"}],"replies":[{"embeddable":true,"href":"https:\/\/mystikus.dsignpoint.com\/pt-pt\/wp-json\/wp\/v2\/comments?post=26234"}],"wp:featuredmedia":[{"embeddable":true,"href":"https:\/\/mystikus.dsignpoint.com\/pt-pt\/wp-json\/wp\/v2\/media\/23899"}],"wp:attachment":[{"href":"https:\/\/mystikus.dsignpoint.com\/pt-pt\/wp-json\/wp\/v2\/media?parent=26234"}],"wp:term":[{"taxonomy":"product_brand","embeddable":true,"href":"https:\/\/mystikus.dsignpoint.com\/pt-pt\/wp-json\/wp\/v2\/product_brand?post=26234"},{"taxonomy":"product_cat","embeddable":true,"href":"https:\/\/mystikus.dsignpoint.com\/pt-pt\/wp-json\/wp\/v2\/product_cat?post=26234"},{"taxonomy":"product_tag","embeddable":true,"href":"https:\/\/mystikus.dsignpoint.com\/pt-pt\/wp-json\/wp\/v2\/product_tag?post=26234"}],"curies":[{"name":"wp","href":"https:\/\/api.w.org\/{rel}","templated":true}]}}