{"id":26278,"date":"2025-07-16T17:28:05","date_gmt":"2025-07-16T15:28:05","guid":{"rendered":"https:\/\/mystikus.dsignpoint.com\/producto\/vela-astral-7-poderes\/"},"modified":"2025-07-16T17:28:05","modified_gmt":"2025-07-16T15:28:05","slug":"vela-astral-7-poderes","status":"publish","type":"product","link":"https:\/\/mystikus.dsignpoint.com\/pt-pt\/producto\/vela-astral-7-poderes\/","title":{"rendered":"Vela Astral 7 Poderes"},"content":{"rendered":"<h3 data-start=\"170\" data-end=\"240\">\ud83d\udd6f\ufe0f <strong data-start=\"178\" data-end=\"240\">Vela Esot\u00e9rica \u2013 Luz para a Alma e o Esp\u00edrito<\/strong><\/h3>\n<p data-start=\"242\" data-end=\"522\">A <strong data-start=\"245\" data-end=\"274\">vela esot\u00e9rica<\/strong> \u00e9 um canal sagrado de luz, energia e transforma\u00e7\u00e3o. Utilizada desde tempos antigos em rituais, ora\u00e7\u00f5es e medita\u00e7\u00f5es, representa a <strong data-start=\"415\" data-end=\"463\">ponte entre o mundo f\u00edsico e o espiritual<\/strong>. A sua chama \u00e9 s\u00edmbolo de vida, prote\u00e7\u00e3o e poder interior.  <\/p>\n<h4 data-start=\"524\" data-end=\"557\">\u2728 <strong data-start=\"531\" data-end=\"557\">Significado Esot\u00e9rico:<\/strong><\/h4>\n<p data-start=\"558\" data-end=\"870\">Acender uma vela \u00e9 um ato de inten\u00e7\u00e3o. \u00c9 abrir uma porta ao universo e ativar energias que ressoam com os teus pensamentos, desejos e prop\u00f3sitos. Esta vela pode ser usada para <strong data-start=\"740\" data-end=\"778\">todo o tipo de trabalhos espirituais<\/strong>: desde limpeza energ\u00e9tica at\u00e9 manifesta\u00e7\u00e3o de sonhos e conex\u00e3o com guias espirituais.  <\/p>\n<h4 data-start=\"872\" data-end=\"908\">\ud83d\udd2e <strong data-start=\"880\" data-end=\"908\">Benef\u00edcios espirituais:<\/strong><\/h4>\n<ul data-start=\"909\" data-end=\"1130\">\n<li data-start=\"909\" data-end=\"953\">\n<p data-start=\"911\" data-end=\"953\">Eleva a vibra\u00e7\u00e3o do ambiente e da alma.<\/p>\n<\/li>\n<li data-start=\"954\" data-end=\"1013\">\n<p data-start=\"956\" data-end=\"1013\">Favorece a introspe\u00e7\u00e3o, a calma e a clareza mental.<\/p>\n<\/li>\n<li data-start=\"1014\" data-end=\"1070\">\n<p data-start=\"1016\" data-end=\"1070\">Ativa o poder da inten\u00e7\u00e3o e a lei da atra\u00e7\u00e3o.<\/p>\n<\/li>\n<li data-start=\"1071\" data-end=\"1130\">\n<p data-start=\"1073\" data-end=\"1130\">Fortalece rituais, medita\u00e7\u00f5es e pedidos pessoais.<\/p>\n<\/li>\n<\/ul>\n<h4 data-start=\"1132\" data-end=\"1155\">\ud83c\udf1f <strong data-start=\"1140\" data-end=\"1155\">Ideal para:<\/strong><\/h4>\n<ul data-start=\"1156\" data-end=\"1371\">\n<li data-start=\"1156\" data-end=\"1222\">\n<p data-start=\"1158\" data-end=\"1222\">Uso em altares, medita\u00e7\u00f5es, limpezas ou momentos de reflex\u00e3o.<\/p>\n<\/li>\n<li data-start=\"1223\" data-end=\"1288\">\n<p data-start=\"1225\" data-end=\"1288\">Pessoas que procuram harmonia, orienta\u00e7\u00e3o ou um espa\u00e7o de paz interior.<\/p>\n<\/li>\n<li data-start=\"1289\" data-end=\"1371\">\n<p data-start=\"1291\" data-end=\"1371\">Qualquer tipo de pr\u00e1tica espiritual, sem necessidade de um prop\u00f3sito espec\u00edfico.<\/p>\n<\/li>\n<\/ul>\n<p data-start=\"1373\" data-end=\"1519\"><strong data-start=\"1373\" data-end=\"1389\">Modo de uso:<\/strong> Acende-a num ambiente tranquilo, com uma inten\u00e7\u00e3o clara ou uma ora\u00e7\u00e3o em mente. Deixa que a chama trabalhe contigo e para ti. <\/p>\n<p>Ajuda espiritual<br \/>\nAjuda e prote\u00e7\u00e3o<\/p>\n<p>Conte\u00fado: Vela e Ora\u00e7\u00e3o<\/p>\n","protected":false},"excerpt":{"rendered":"<p>Ajuda espiritual<br \/>\nAjuda e prote\u00e7\u00e3o<\/p>\n<p>Conte\u00fado: Vela e Ora\u00e7\u00e3o<\/p>\n","protected":false},"featured_media":23884,"comment_status":"open","ping_status":"closed","template":"","meta":[],"product_brand":[],"product_cat":[135,148,237,234],"product_tag":[],"class_list":{"0":"post-26278","1":"product","2":"type-product","3":"status-publish","4":"has-post-thumbnail","6":"product_cat-esotericos","7":"product_cat-mystikus-collection","8":"product_cat-velas","11":"first","12":"instock","13":"shipping-taxable","14":"purchasable","15":"product-type-simple"},"_links":{"self":[{"href":"https:\/\/mystikus.dsignpoint.com\/pt-pt\/wp-json\/wp\/v2\/product\/26278","targetHints":{"allow":["GET"]}}],"collection":[{"href":"https:\/\/mystikus.dsignpoint.com\/pt-pt\/wp-json\/wp\/v2\/product"}],"about":[{"href":"https:\/\/mystikus.dsignpoint.com\/pt-pt\/wp-json\/wp\/v2\/types\/product"}],"replies":[{"embeddable":true,"href":"https:\/\/mystikus.dsignpoint.com\/pt-pt\/wp-json\/wp\/v2\/comments?post=26278"}],"wp:featuredmedia":[{"embeddable":true,"href":"https:\/\/mystikus.dsignpoint.com\/pt-pt\/wp-json\/wp\/v2\/media\/23884"}],"wp:attachment":[{"href":"https:\/\/mystikus.dsignpoint.com\/pt-pt\/wp-json\/wp\/v2\/media?parent=26278"}],"wp:term":[{"taxonomy":"product_brand","embeddable":true,"href":"https:\/\/mystikus.dsignpoint.com\/pt-pt\/wp-json\/wp\/v2\/product_brand?post=26278"},{"taxonomy":"product_cat","embeddable":true,"href":"https:\/\/mystikus.dsignpoint.com\/pt-pt\/wp-json\/wp\/v2\/product_cat?post=26278"},{"taxonomy":"product_tag","embeddable":true,"href":"https:\/\/mystikus.dsignpoint.com\/pt-pt\/wp-json\/wp\/v2\/product_tag?post=26278"}],"curies":[{"name":"wp","href":"https:\/\/api.w.org\/{rel}","templated":true}]}}