{"id":26316,"date":"2025-07-15T14:14:47","date_gmt":"2025-07-15T12:14:47","guid":{"rendered":"https:\/\/mystikus.dsignpoint.com\/producto\/tarot-de-marselha\/"},"modified":"2025-07-15T14:14:47","modified_gmt":"2025-07-15T12:14:47","slug":"tarot-de-marselha","status":"publish","type":"product","link":"https:\/\/mystikus.dsignpoint.com\/pt-pt\/producto\/tarot-de-marselha\/","title":{"rendered":"Tarot de Marselha"},"content":{"rendered":"<p data-start=\"182\" data-end=\"227\"><strong data-start=\"182\" data-end=\"227\">Baralho Fournier Tarot Espanhol \u2013 78 Cartas<\/strong><\/p>\n<p data-start=\"229\" data-end=\"559\">O Baralho Fournier Tarot Espanhol \u00e9 uma ferramenta ideal tanto para principiantes como para leitores experientes do tarot. Com as suas 78 cartas ricamente ilustradas, este baralho foi concebido especificamente para facilitar leituras claras e profundas em idioma espanhol, respeitando a simbologia cl\u00e1ssica do tarot tradicional. <\/p>\n<p data-start=\"561\" data-end=\"914\"><strong data-start=\"561\" data-end=\"576\">Como usar<\/strong><br data-start=\"576\" data-end=\"579\">Para come\u00e7ar, baralha bem as cartas e cria um espa\u00e7o de calma e concentra\u00e7\u00e3o. Foca a tua mente na pergunta ou situa\u00e7\u00e3o que desejas explorar, escolhe o teu m\u00e9todo de tiragem (como a cruz celta, tr\u00eas cartas ou qualquer outro que prefiras) e deixa que as cartas falem. Interpreta as mensagens segundo a tua intui\u00e7\u00e3o e conhecimento do tarot.  <\/p>\n<p data-start=\"916\" data-end=\"1170\"><strong data-start=\"916\" data-end=\"929\">Conte\u00fado<\/strong><br data-start=\"929\" data-end=\"932\">O baralho \u00e9 composto por 78 cartas divididas entre Arcanos Maiores e Arcanos Menores. Cada uma apresenta ilustra\u00e7\u00f5es detalhadas e simbologia cl\u00e1ssica do tarot espanhol, o que facilita a interpreta\u00e7\u00e3o e aporta profundidade a cada leitura. <\/p>\n<p data-start=\"1172\" data-end=\"1445\"><strong data-start=\"1172\" data-end=\"1207\">Um baralho completo e acess\u00edvel<\/strong><br data-start=\"1207\" data-end=\"1210\">Com um design claro, tradicional e em idioma espanhol, este baralho \u00e9 perfeito para conectar com a sabedoria do tarot de forma simples e eficaz. Ideal para leituras pessoais, consultas profissionais ou como ferramenta de estudo. <\/p>\n","protected":false},"excerpt":{"rendered":"<p>Tarot de Marselha<\/p>\n<p>(INCLUI 78 CARTAS)<\/p>\n","protected":false},"featured_media":23865,"comment_status":"open","ping_status":"closed","template":"","meta":[],"product_brand":[],"product_cat":[178,209],"product_tag":[],"class_list":{"0":"post-26316","1":"product","2":"type-product","3":"status-publish","4":"has-post-thumbnail","6":"product_cat-adivinhacao","7":"product_cat-tarots","9":"first","10":"instock","11":"shipping-taxable","12":"purchasable","13":"product-type-simple"},"_links":{"self":[{"href":"https:\/\/mystikus.dsignpoint.com\/pt-pt\/wp-json\/wp\/v2\/product\/26316","targetHints":{"allow":["GET"]}}],"collection":[{"href":"https:\/\/mystikus.dsignpoint.com\/pt-pt\/wp-json\/wp\/v2\/product"}],"about":[{"href":"https:\/\/mystikus.dsignpoint.com\/pt-pt\/wp-json\/wp\/v2\/types\/product"}],"replies":[{"embeddable":true,"href":"https:\/\/mystikus.dsignpoint.com\/pt-pt\/wp-json\/wp\/v2\/comments?post=26316"}],"wp:featuredmedia":[{"embeddable":true,"href":"https:\/\/mystikus.dsignpoint.com\/pt-pt\/wp-json\/wp\/v2\/media\/23865"}],"wp:attachment":[{"href":"https:\/\/mystikus.dsignpoint.com\/pt-pt\/wp-json\/wp\/v2\/media?parent=26316"}],"wp:term":[{"taxonomy":"product_brand","embeddable":true,"href":"https:\/\/mystikus.dsignpoint.com\/pt-pt\/wp-json\/wp\/v2\/product_brand?post=26316"},{"taxonomy":"product_cat","embeddable":true,"href":"https:\/\/mystikus.dsignpoint.com\/pt-pt\/wp-json\/wp\/v2\/product_cat?post=26316"},{"taxonomy":"product_tag","embeddable":true,"href":"https:\/\/mystikus.dsignpoint.com\/pt-pt\/wp-json\/wp\/v2\/product_tag?post=26316"}],"curies":[{"name":"wp","href":"https:\/\/api.w.org\/{rel}","templated":true}]}}