{"id":26326,"date":"2025-07-15T14:19:44","date_gmt":"2025-07-15T12:19:44","guid":{"rendered":"https:\/\/mystikus.dsignpoint.com\/producto\/tarot-universal\/"},"modified":"2025-07-15T14:19:44","modified_gmt":"2025-07-15T12:19:44","slug":"tarot-universal","status":"publish","type":"product","link":"https:\/\/mystikus.dsignpoint.com\/pt-pt\/producto\/tarot-universal\/","title":{"rendered":"Tarot Universal"},"content":{"rendered":"<p data-start=\"198\" data-end=\"685\"><strong data-start=\"198\" data-end=\"274\">Tarot Universal \u2013 Edi\u00e7\u00e3o Profissional Grande Formato (Lo Scarabeo, It\u00e1lia)<\/strong><br data-start=\"274\" data-end=\"277\">Descobre a for\u00e7a e a eleg\u00e2ncia do <strong data-start=\"315\" data-end=\"334\">Universal Tarot<\/strong>, uma edi\u00e7\u00e3o profissional de grande formato, criada por <strong data-start=\"388\" data-end=\"403\">Lo Scarabeo<\/strong>, o prestigiado fabricante italiano reconhecido mundialmente pela excel\u00eancia dos seus baralhos esot\u00e9ricos. Com ilustra\u00e7\u00f5es de <strong data-start=\"530\" data-end=\"552\">Roberto De Angelis<\/strong>, esta vers\u00e3o oferece uma reinterpreta\u00e7\u00e3o moderna do cl\u00e1ssico tarot Rider-Waite-Smith, respeitando fielmente o seu simbolismo esot\u00e9rico. <\/p>\n<p data-start=\"687\" data-end=\"711\"><strong data-start=\"687\" data-end=\"709\">Conte\u00fado do conjunto:<\/strong><\/p>\n<ul data-start=\"712\" data-end=\"1003\">\n<li data-start=\"712\" data-end=\"837\">\n<p data-start=\"714\" data-end=\"837\">78 cartas a cores, de grande tamanho (18 x 10 cm), com acabamento profissional e verniz especial para uma alta resist\u00eancia.<\/p>\n<\/li>\n<li data-start=\"838\" data-end=\"946\">\n<p data-start=\"840\" data-end=\"946\">Manual com instru\u00e7\u00f5es adivinhat\u00f3rias em 6 idiomas: espanhol, italiano, ingl\u00eas, franc\u00eas, alem\u00e3o e chin\u00eas.<\/p>\n<\/li>\n<li data-start=\"947\" data-end=\"1003\">\n<p data-start=\"949\" data-end=\"1003\">Apresenta\u00e7\u00e3o em elegante estojo r\u00edgido de prote\u00e7\u00e3o.<\/p>\n<\/li>\n<\/ul>\n<p data-start=\"1005\" data-end=\"1405\"><strong data-start=\"1005\" data-end=\"1037\">Um baralho criado para durar<\/strong><br data-start=\"1037\" data-end=\"1040\">Gra\u00e7as ao seu formato amplo e \u00e0 sua impress\u00e3o de alta qualidade, este baralho \u00e9 ideal para quem pratica o tarot de forma intensiva: leitores profissionais, professores, estudantes avan\u00e7ados ou facilitadores de workshops. O maior tamanho das cartas permite apreciar melhor os detalhes visuais, tornando cada tiragem uma experi\u00eancia mais profunda e enriquecedora. <\/p>\n<p data-start=\"1407\" data-end=\"1790\"><strong data-start=\"1407\" data-end=\"1434\">Arte com alma esot\u00e9rica<\/strong><br data-start=\"1434\" data-end=\"1437\">Roberto De Angelis reinterpreta cada arcano com tra\u00e7os modernos e uma paleta de cores sofisticada, mantendo-se fiel \u00e0 tradi\u00e7\u00e3o esot\u00e9rica do tarot iniciada pelos ocultistas ingleses do s\u00e9culo XX. Cada imagem foi cuidadosamente concebida para facilitar a conex\u00e3o intuitiva e espiritual, despertando no leitor uma consci\u00eancia mais elevada. <\/p>\n<p data-start=\"1792\" data-end=\"2112\"><strong data-start=\"1792\" data-end=\"1827\">Muito mais do que um baralho de cartas<\/strong><br data-start=\"1827\" data-end=\"1830\">O tarot, com s\u00e9culos de hist\u00f3ria, \u00e9 uma ferramenta de autoconhecimento, introspe\u00e7\u00e3o e orienta\u00e7\u00e3o espiritual. Esta edi\u00e7\u00e3o do <strong data-start=\"1976\" data-end=\"1995\">Universal Tarot<\/strong> convida a explorar o passado, compreender o presente e vislumbrar o futuro a partir de uma perspetiva s\u00e1bia e consciente. <\/p>\n<p data-start=\"2114\" data-end=\"2304\">Este \u00e9 um <strong data-start=\"2125\" data-end=\"2182\">produto original fabricado em It\u00e1lia pela Lo Scarabeo<\/strong>. N\u00e3o se trata de uma c\u00f3pia n\u00e3o autorizada. <\/p>\n","protected":false},"excerpt":{"rendered":"<p>Tarot Universal<\/p>\n<p>(INCLUI 78 CARTAS)<\/p>\n","protected":false},"featured_media":23867,"comment_status":"open","ping_status":"closed","template":"","meta":[],"product_brand":[],"product_cat":[178,209],"product_tag":[],"class_list":{"0":"post-26326","1":"product","2":"type-product","3":"status-publish","4":"has-post-thumbnail","6":"product_cat-adivinhacao","7":"product_cat-tarots","9":"first","10":"instock","11":"shipping-taxable","12":"purchasable","13":"product-type-simple"},"_links":{"self":[{"href":"https:\/\/mystikus.dsignpoint.com\/pt-pt\/wp-json\/wp\/v2\/product\/26326","targetHints":{"allow":["GET"]}}],"collection":[{"href":"https:\/\/mystikus.dsignpoint.com\/pt-pt\/wp-json\/wp\/v2\/product"}],"about":[{"href":"https:\/\/mystikus.dsignpoint.com\/pt-pt\/wp-json\/wp\/v2\/types\/product"}],"replies":[{"embeddable":true,"href":"https:\/\/mystikus.dsignpoint.com\/pt-pt\/wp-json\/wp\/v2\/comments?post=26326"}],"wp:featuredmedia":[{"embeddable":true,"href":"https:\/\/mystikus.dsignpoint.com\/pt-pt\/wp-json\/wp\/v2\/media\/23867"}],"wp:attachment":[{"href":"https:\/\/mystikus.dsignpoint.com\/pt-pt\/wp-json\/wp\/v2\/media?parent=26326"}],"wp:term":[{"taxonomy":"product_brand","embeddable":true,"href":"https:\/\/mystikus.dsignpoint.com\/pt-pt\/wp-json\/wp\/v2\/product_brand?post=26326"},{"taxonomy":"product_cat","embeddable":true,"href":"https:\/\/mystikus.dsignpoint.com\/pt-pt\/wp-json\/wp\/v2\/product_cat?post=26326"},{"taxonomy":"product_tag","embeddable":true,"href":"https:\/\/mystikus.dsignpoint.com\/pt-pt\/wp-json\/wp\/v2\/product_tag?post=26326"}],"curies":[{"name":"wp","href":"https:\/\/api.w.org\/{rel}","templated":true}]}}