{"id":26329,"date":"2025-07-15T14:04:45","date_gmt":"2025-07-15T12:04:45","guid":{"rendered":"https:\/\/mystikus.dsignpoint.com\/producto\/tarot-mistico\/"},"modified":"2025-07-15T14:04:45","modified_gmt":"2025-07-15T12:04:45","slug":"tarot-mistico","status":"publish","type":"product","link":"https:\/\/mystikus.dsignpoint.com\/pt-pt\/producto\/tarot-mistico\/","title":{"rendered":"Tarot M\u00edstico"},"content":{"rendered":"<p>A tradi\u00e7\u00e3o antiga encontra a vis\u00e3o moderna no baralho de Tarot M\u00edstico. A magia esot\u00e9rica e os s\u00edmbolos das artes antigas s\u00e3o remodelados nas belas obras de arte de Luigi Costa. Pintados a \u00f3leo, um a um, sobre madeira, cada arcano \u00e9 uma obra-prima, um c\u00e1lice secreto repleto da sabedoria e do mist\u00e9rio do tarot. Estas cartas t\u00eam uma energia pr\u00f3pria. Quando as usas numa leitura de tarot, o impacto emocional e espiritual ressoa nos confins mais profundos da tua alma.    <\/p>\n","protected":false},"excerpt":{"rendered":"<p>Tarot M\u00edstico<\/p>\n<p>(INCLUI 78 CARTAS)<\/p>\n","protected":false},"featured_media":23863,"comment_status":"open","ping_status":"closed","template":"","meta":[],"product_brand":[],"product_cat":[178,209],"product_tag":[],"class_list":{"0":"post-26329","1":"product","2":"type-product","3":"status-publish","4":"has-post-thumbnail","6":"product_cat-adivinhacao","7":"product_cat-tarots","9":"first","10":"outofstock","11":"shipping-taxable","12":"purchasable","13":"product-type-simple"},"_links":{"self":[{"href":"https:\/\/mystikus.dsignpoint.com\/pt-pt\/wp-json\/wp\/v2\/product\/26329","targetHints":{"allow":["GET"]}}],"collection":[{"href":"https:\/\/mystikus.dsignpoint.com\/pt-pt\/wp-json\/wp\/v2\/product"}],"about":[{"href":"https:\/\/mystikus.dsignpoint.com\/pt-pt\/wp-json\/wp\/v2\/types\/product"}],"replies":[{"embeddable":true,"href":"https:\/\/mystikus.dsignpoint.com\/pt-pt\/wp-json\/wp\/v2\/comments?post=26329"}],"wp:featuredmedia":[{"embeddable":true,"href":"https:\/\/mystikus.dsignpoint.com\/pt-pt\/wp-json\/wp\/v2\/media\/23863"}],"wp:attachment":[{"href":"https:\/\/mystikus.dsignpoint.com\/pt-pt\/wp-json\/wp\/v2\/media?parent=26329"}],"wp:term":[{"taxonomy":"product_brand","embeddable":true,"href":"https:\/\/mystikus.dsignpoint.com\/pt-pt\/wp-json\/wp\/v2\/product_brand?post=26329"},{"taxonomy":"product_cat","embeddable":true,"href":"https:\/\/mystikus.dsignpoint.com\/pt-pt\/wp-json\/wp\/v2\/product_cat?post=26329"},{"taxonomy":"product_tag","embeddable":true,"href":"https:\/\/mystikus.dsignpoint.com\/pt-pt\/wp-json\/wp\/v2\/product_tag?post=26329"}],"curies":[{"name":"wp","href":"https:\/\/api.w.org\/{rel}","templated":true}]}}