{"id":26333,"date":"2025-07-14T16:41:35","date_gmt":"2025-07-14T14:41:35","guid":{"rendered":"https:\/\/mystikus.dsignpoint.com\/producto\/amuleto-pendente-mao-de-fatima\/"},"modified":"2025-07-14T16:41:35","modified_gmt":"2025-07-14T14:41:35","slug":"amuleto-pendente-mao-de-fatima","status":"publish","type":"product","link":"https:\/\/mystikus.dsignpoint.com\/pt-pt\/producto\/amuleto-pendente-mao-de-fatima\/","title":{"rendered":"Amuleto pendente M\u00e3o de F\u00e1tima"},"content":{"rendered":"<p>Com as nossas medalhas de M\u00e3o de F\u00e1tima, leve consigo a prote\u00e7\u00e3o divina contra o mal, atraindo o amor, a prote\u00e7\u00e3o e o bem. Tamb\u00e9m o proteger\u00e3o da inveja e do mau-olhado.<\/p>\n<p>Al\u00e9m de magn\u00edficas e de excelente qualidade, as nossas medalhas s\u00e3o aut\u00eanticos amuletos da sorte.<\/p>\n<p>Medalhas em a\u00e7o inoxid\u00e1vel.<\/p>\n","protected":false},"excerpt":{"rendered":"<p>Pendentes em a\u00e7o inoxid\u00e1vel<\/p>\n<p>dispon\u00edvel em cor Ouro e Prata<\/p>\n","protected":false},"featured_media":23857,"comment_status":"open","ping_status":"closed","template":"","meta":[],"product_brand":[],"product_cat":[256,226],"product_tag":[],"class_list":{"0":"post-26333","1":"product","2":"type-product","3":"status-publish","4":"has-post-thumbnail","6":"product_cat-aco","7":"product_cat-talismas-e-amuletos","9":"first","10":"instock","11":"shipping-taxable","12":"purchasable","13":"product-type-variable"},"_links":{"self":[{"href":"https:\/\/mystikus.dsignpoint.com\/pt-pt\/wp-json\/wp\/v2\/product\/26333","targetHints":{"allow":["GET"]}}],"collection":[{"href":"https:\/\/mystikus.dsignpoint.com\/pt-pt\/wp-json\/wp\/v2\/product"}],"about":[{"href":"https:\/\/mystikus.dsignpoint.com\/pt-pt\/wp-json\/wp\/v2\/types\/product"}],"replies":[{"embeddable":true,"href":"https:\/\/mystikus.dsignpoint.com\/pt-pt\/wp-json\/wp\/v2\/comments?post=26333"}],"wp:featuredmedia":[{"embeddable":true,"href":"https:\/\/mystikus.dsignpoint.com\/pt-pt\/wp-json\/wp\/v2\/media\/23857"}],"wp:attachment":[{"href":"https:\/\/mystikus.dsignpoint.com\/pt-pt\/wp-json\/wp\/v2\/media?parent=26333"}],"wp:term":[{"taxonomy":"product_brand","embeddable":true,"href":"https:\/\/mystikus.dsignpoint.com\/pt-pt\/wp-json\/wp\/v2\/product_brand?post=26333"},{"taxonomy":"product_cat","embeddable":true,"href":"https:\/\/mystikus.dsignpoint.com\/pt-pt\/wp-json\/wp\/v2\/product_cat?post=26333"},{"taxonomy":"product_tag","embeddable":true,"href":"https:\/\/mystikus.dsignpoint.com\/pt-pt\/wp-json\/wp\/v2\/product_tag?post=26333"}],"curies":[{"name":"wp","href":"https:\/\/api.w.org\/{rel}","templated":true}]}}