{"id":26341,"date":"2025-07-14T16:45:07","date_gmt":"2025-07-14T14:45:07","guid":{"rendered":"https:\/\/mystikus.dsignpoint.com\/producto\/colar-aco-sao-jorge\/"},"modified":"2025-07-14T16:45:07","modified_gmt":"2025-07-14T14:45:07","slug":"colar-aco-sao-jorge","status":"publish","type":"product","link":"https:\/\/mystikus.dsignpoint.com\/pt-pt\/producto\/colar-aco-sao-jorge\/","title":{"rendered":"Colar A\u00e7o S\u00e3o Jorge"},"content":{"rendered":"<p>Colar A\u00e7o S\u00e3o Jorge<\/p>\n<p><strong>Material: <\/strong> A\u00e7o<\/p>\n","protected":false},"excerpt":{"rendered":"<p dir=\"ltr\"><strong>Material: <\/strong> A\u00e7o<\/p>\n<p dir=\"ltr\">\n","protected":false},"featured_media":23860,"comment_status":"open","ping_status":"closed","template":"","meta":[],"product_brand":[],"product_cat":[256,226],"product_tag":[],"class_list":{"0":"post-26341","1":"product","2":"type-product","3":"status-publish","4":"has-post-thumbnail","6":"product_cat-aco","7":"product_cat-talismas-e-amuletos","9":"first","10":"onbackorder","11":"shipping-taxable","12":"purchasable","13":"product-type-simple"},"_links":{"self":[{"href":"https:\/\/mystikus.dsignpoint.com\/pt-pt\/wp-json\/wp\/v2\/product\/26341","targetHints":{"allow":["GET"]}}],"collection":[{"href":"https:\/\/mystikus.dsignpoint.com\/pt-pt\/wp-json\/wp\/v2\/product"}],"about":[{"href":"https:\/\/mystikus.dsignpoint.com\/pt-pt\/wp-json\/wp\/v2\/types\/product"}],"replies":[{"embeddable":true,"href":"https:\/\/mystikus.dsignpoint.com\/pt-pt\/wp-json\/wp\/v2\/comments?post=26341"}],"wp:featuredmedia":[{"embeddable":true,"href":"https:\/\/mystikus.dsignpoint.com\/pt-pt\/wp-json\/wp\/v2\/media\/23860"}],"wp:attachment":[{"href":"https:\/\/mystikus.dsignpoint.com\/pt-pt\/wp-json\/wp\/v2\/media?parent=26341"}],"wp:term":[{"taxonomy":"product_brand","embeddable":true,"href":"https:\/\/mystikus.dsignpoint.com\/pt-pt\/wp-json\/wp\/v2\/product_brand?post=26341"},{"taxonomy":"product_cat","embeddable":true,"href":"https:\/\/mystikus.dsignpoint.com\/pt-pt\/wp-json\/wp\/v2\/product_cat?post=26341"},{"taxonomy":"product_tag","embeddable":true,"href":"https:\/\/mystikus.dsignpoint.com\/pt-pt\/wp-json\/wp\/v2\/product_tag?post=26341"}],"curies":[{"name":"wp","href":"https:\/\/api.w.org\/{rel}","templated":true}]}}