{"id":26349,"date":"2025-07-14T16:37:40","date_gmt":"2025-07-14T14:37:40","guid":{"rendered":"https:\/\/mystikus.dsignpoint.com\/producto\/amuleto-pendente-estrela-de-david\/"},"modified":"2025-07-14T16:37:40","modified_gmt":"2025-07-14T14:37:40","slug":"amuleto-pendente-estrela-de-david","status":"publish","type":"product","link":"https:\/\/mystikus.dsignpoint.com\/pt-pt\/producto\/amuleto-pendente-estrela-de-david\/","title":{"rendered":"Amuleto pendente Estrela de David"},"content":{"rendered":"<p>Com as nossas medalhas m\u00e1gicas Estrela de David, protege-te contra o mal e os dem\u00f3nios. Liberta-te das energias negativas e atrai a boa fortuna para a tua vida. <\/p>\n<p>Al\u00e9m de serem magn\u00edficas e de excelente qualidade, as nossas medalhas s\u00e3o verdadeiros amuletos da sorte.<\/p>\n<p>Pendentes em a\u00e7o inoxid\u00e1vel dispon\u00edveis em cor Ouro e Prata.<\/p>\n","protected":false},"excerpt":{"rendered":"<p>Pendentes em a\u00e7o inoxid\u00e1vel<\/p>\n<p>dispon\u00edveis em cor Ouro e Prata<\/p>\n","protected":false},"featured_media":23853,"comment_status":"open","ping_status":"closed","template":"","meta":[],"product_brand":[],"product_cat":[256,226],"product_tag":[],"class_list":{"0":"post-26349","1":"product","2":"type-product","3":"status-publish","4":"has-post-thumbnail","6":"product_cat-aco","7":"product_cat-talismas-e-amuletos","9":"first","10":"instock","11":"shipping-taxable","12":"purchasable","13":"product-type-variable"},"_links":{"self":[{"href":"https:\/\/mystikus.dsignpoint.com\/pt-pt\/wp-json\/wp\/v2\/product\/26349","targetHints":{"allow":["GET"]}}],"collection":[{"href":"https:\/\/mystikus.dsignpoint.com\/pt-pt\/wp-json\/wp\/v2\/product"}],"about":[{"href":"https:\/\/mystikus.dsignpoint.com\/pt-pt\/wp-json\/wp\/v2\/types\/product"}],"replies":[{"embeddable":true,"href":"https:\/\/mystikus.dsignpoint.com\/pt-pt\/wp-json\/wp\/v2\/comments?post=26349"}],"wp:featuredmedia":[{"embeddable":true,"href":"https:\/\/mystikus.dsignpoint.com\/pt-pt\/wp-json\/wp\/v2\/media\/23853"}],"wp:attachment":[{"href":"https:\/\/mystikus.dsignpoint.com\/pt-pt\/wp-json\/wp\/v2\/media?parent=26349"}],"wp:term":[{"taxonomy":"product_brand","embeddable":true,"href":"https:\/\/mystikus.dsignpoint.com\/pt-pt\/wp-json\/wp\/v2\/product_brand?post=26349"},{"taxonomy":"product_cat","embeddable":true,"href":"https:\/\/mystikus.dsignpoint.com\/pt-pt\/wp-json\/wp\/v2\/product_cat?post=26349"},{"taxonomy":"product_tag","embeddable":true,"href":"https:\/\/mystikus.dsignpoint.com\/pt-pt\/wp-json\/wp\/v2\/product_tag?post=26349"}],"curies":[{"name":"wp","href":"https:\/\/api.w.org\/{rel}","templated":true}]}}