{"id":26429,"date":"2025-11-25T15:37:53","date_gmt":"2025-11-25T14:37:53","guid":{"rendered":"https:\/\/mystikus.dsignpoint.com\/producto\/ritual-de-ano-novo\/"},"modified":"2025-11-25T15:37:53","modified_gmt":"2025-11-25T14:37:53","slug":"ritual-de-ano-novo","status":"publish","type":"product","link":"https:\/\/mystikus.dsignpoint.com\/pt-pt\/producto\/ritual-de-ano-novo\/","title":{"rendered":"Ritual de Ano Novo"},"content":{"rendered":"<p data-start=\"210\" data-end=\"336\"><strong data-start=\"214\" data-end=\"266\">Ritual Esot\u00e9rico de Ano Novo<\/strong><\/p>\n<p data-start=\"210\" data-end=\"336\"><strong data-start=\"273\" data-end=\"336\">Um novo ciclo. Uma nova energia. Uma nova vers\u00e3o de si.  <\/strong><\/p>\n<p data-start=\"338\" data-end=\"589\">Este Ano Novo, transforme a sua casa num santu\u00e1rio de renova\u00e7\u00e3o com o nosso <strong data-start=\"416\" data-end=\"449\">Ritual Esot\u00e9rico de Ano Novo<\/strong>, um kit cuidadosamente preparado para que viva uma experi\u00eancia profunda, simb\u00f3lica e cheia de inten\u00e7\u00e3o, sem necessidade de sair de casa.<\/p>\n<p data-start=\"591\" data-end=\"814\">Cada elemento foi selecionado seguindo tradi\u00e7\u00f5es ancestrais e pr\u00e1ticas contempor\u00e2neas de bem-estar energ\u00e9tico, para que possa despedir-se do ano que termina e receber o que come\u00e7a com clareza, serenidade e prop\u00f3sito.<\/p>\n<hr data-start=\"816\" data-end=\"819\">\n<h3 data-start=\"821\" data-end=\"855\">\ud83d\udd2e <strong data-start=\"828\" data-end=\"855\">O que inclui o Ritual?<\/strong><\/h3>\n<p data-start=\"857\" data-end=\"970\">\u2728 <strong data-start=\"859\" data-end=\"881\">Vela de inten\u00e7\u00e3o<\/strong><br data-start=\"881\" data-end=\"884\">Criadas especialmente para trabalhar o fecho de ciclos, a luz interior e os novos come\u00e7os.<\/p>\n<p data-start=\"972\" data-end=\"1091\">\ud83c\udf3f <strong data-start=\"975\" data-end=\"1010\">Mistura de ervas purificadoras<\/strong><br data-start=\"1010\" data-end=\"1013\">Selecionadas para ajudar a criar um ambiente de limpeza simb\u00f3lica e calma.<\/p>\n<p data-start=\"1216\" data-end=\"1341\">\ud83d\udc8e <strong data-start=\"1219\" data-end=\"1253\">Pedras e amuleto de renova\u00e7\u00e3o<\/strong><br data-start=\"1253\" data-end=\"1256\">Escolhido pela sua energia associada \u00e0 introspe\u00e7\u00e3o e ao impulso de novos prop\u00f3sitos.<\/p>\n<p data-start=\"1343\" data-end=\"1506\">\ud83d\udcdc <strong data-start=\"1346\" data-end=\"1374\">Guia completo do ritual<\/strong><br data-start=\"1374\" data-end=\"1377\">Instru\u00e7\u00f5es passo a passo, medita\u00e7\u00e3o guiada escrita, palavras de abertura e fecho, e sugest\u00f5es para potenciar a experi\u00eancia.<\/p>\n","protected":false},"excerpt":{"rendered":"<p data-start=\"210\" data-end=\"336\"><strong data-start=\"214\" data-end=\"266\">Ritual Esot\u00e9rico de Ano Novo<\/strong><\/p>\n<p data-start=\"210\" data-end=\"336\"><strong data-start=\"273\" data-end=\"336\">Um novo ciclo. Uma nova energia. Uma nova vers\u00e3o de si.  <\/strong><\/p>\n<p data-start=\"338\" data-end=\"589\">Este Ano Novo, transforme a sua casa num santu\u00e1rio de renova\u00e7\u00e3o com o nosso <strong data-start=\"416\" data-end=\"449\">Ritual Esot\u00e9rico de Ano Novo<\/strong>, um kit cuidadosamente preparado para que viva uma experi\u00eancia profunda, simb\u00f3lica e cheia de inten\u00e7\u00e3o, sem necessidade de sair de casa.<\/p>\n<p data-start=\"591\" data-end=\"814\">Cada elemento foi selecionado seguindo tradi\u00e7\u00f5es ancestrais e pr\u00e1ticas contempor\u00e2neas de bem-estar energ\u00e9tico, para que possa despedir-se do ano que termina e receber o que come\u00e7a com clareza, serenidade e prop\u00f3sito.<\/p>\n","protected":false},"featured_media":26422,"comment_status":"open","ping_status":"closed","template":"","meta":[],"product_brand":[31],"product_cat":[135,147],"product_tag":[],"class_list":{"0":"post-26429","1":"product","2":"type-product","3":"status-publish","4":"has-post-thumbnail","6":"product_brand-mystikus","7":"product_cat-esotericos","8":"product_cat-rituais-premium","10":"first","11":"instock","12":"shipping-taxable","13":"purchasable","14":"product-type-simple"},"_links":{"self":[{"href":"https:\/\/mystikus.dsignpoint.com\/pt-pt\/wp-json\/wp\/v2\/product\/26429","targetHints":{"allow":["GET"]}}],"collection":[{"href":"https:\/\/mystikus.dsignpoint.com\/pt-pt\/wp-json\/wp\/v2\/product"}],"about":[{"href":"https:\/\/mystikus.dsignpoint.com\/pt-pt\/wp-json\/wp\/v2\/types\/product"}],"replies":[{"embeddable":true,"href":"https:\/\/mystikus.dsignpoint.com\/pt-pt\/wp-json\/wp\/v2\/comments?post=26429"}],"wp:featuredmedia":[{"embeddable":true,"href":"https:\/\/mystikus.dsignpoint.com\/pt-pt\/wp-json\/wp\/v2\/media\/26422"}],"wp:attachment":[{"href":"https:\/\/mystikus.dsignpoint.com\/pt-pt\/wp-json\/wp\/v2\/media?parent=26429"}],"wp:term":[{"taxonomy":"product_brand","embeddable":true,"href":"https:\/\/mystikus.dsignpoint.com\/pt-pt\/wp-json\/wp\/v2\/product_brand?post=26429"},{"taxonomy":"product_cat","embeddable":true,"href":"https:\/\/mystikus.dsignpoint.com\/pt-pt\/wp-json\/wp\/v2\/product_cat?post=26429"},{"taxonomy":"product_tag","embeddable":true,"href":"https:\/\/mystikus.dsignpoint.com\/pt-pt\/wp-json\/wp\/v2\/product_tag?post=26429"}],"curies":[{"name":"wp","href":"https:\/\/api.w.org\/{rel}","templated":true}]}}