{"id":26444,"date":"2025-12-19T14:37:23","date_gmt":"2025-12-19T13:37:23","guid":{"rendered":"https:\/\/mystikus.dsignpoint.com\/?post_type=product&#038;p=26444"},"modified":"2025-12-19T14:40:33","modified_gmt":"2025-12-19T13:40:33","slug":"piramide-de-orgonite-com-quartzo-cristal-copia","status":"publish","type":"product","link":"https:\/\/mystikus.dsignpoint.com\/pt-pt\/producto\/piramide-de-orgonite-com-quartzo-cristal-copia\/","title":{"rendered":"Pir\u00e2mide de Orgonite com Quartzo Cristal Estrela 5 Pontas"},"content":{"rendered":"<p class=\"\" data-start=\"156\" data-end=\"232\"><strong data-start=\"156\" data-end=\"232\">Pir\u00e2mide de Orgonite com Quartzo Cristal \u2013 Energia Pura e Clareza Mental<\/strong><\/p>\n<p data-start=\"156\" data-end=\"232\">medidas 5x5x5cm<\/p>\n<p class=\"\" data-start=\"234\" data-end=\"585\">Explore o poder da energia cristalina com esta pir\u00e2mide de orgonite, elaborada artesanalmente com <strong data-start=\"336\" data-end=\"354\">quartzo cristal<\/strong>, uma das pedras mais vers\u00e1teis e poderosas no mundo da gemoterapia. O quartzo cristal \u00e9 conhecido pela sua capacidade para amplificar a energia, limpar campos energ\u00e9ticos e favorecer a concentra\u00e7\u00e3o e a clareza mental.<\/p>\n<p class=\"\" data-start=\"587\" data-end=\"787\">Gra\u00e7as \u00e0 combina\u00e7\u00e3o de resina, metais e quartzo, esta pir\u00e2mide atua como uma ferramenta de harmoniza\u00e7\u00e3o energ\u00e9tica, ideal para neutralizar radia\u00e7\u00f5es eletromagn\u00e9ticas e equilibrar o ambiente.<\/p>\n<p class=\"\" data-start=\"789\" data-end=\"818\">\u2728 <strong data-start=\"791\" data-end=\"818\">Principais benef\u00edcios:<\/strong><\/p>\n<ul data-start=\"820\" data-end=\"1025\">\n<li class=\"\" data-start=\"820\" data-end=\"867\">\n<p class=\"\" data-start=\"822\" data-end=\"867\">Amplifica e purifica a energia do ambiente<\/p>\n<\/li>\n<li class=\"\" data-start=\"868\" data-end=\"923\">\n<p class=\"\" data-start=\"870\" data-end=\"923\">Favorece a concentra\u00e7\u00e3o, a clareza e o foco<\/p>\n<\/li>\n<li class=\"\" data-start=\"924\" data-end=\"970\">\n<p class=\"\" data-start=\"926\" data-end=\"970\">Ajuda em processos de cura e medita\u00e7\u00e3o<\/p>\n<\/li>\n<li class=\"\" data-start=\"971\" data-end=\"1025\">\n<p class=\"\" data-start=\"973\" data-end=\"1025\">Protege contra energias densas e radia\u00e7\u00f5es EMF<\/p>\n<\/li>\n<\/ul>\n<p class=\"\" data-start=\"1027\" data-end=\"1206\">Perfeita para colocar em espa\u00e7os de trabalho, medita\u00e7\u00e3o ou descanso, esta pir\u00e2mide \u00e9 uma excelente aliada para quem procura equil\u00edbrio, limpeza energ\u00e9tica e conex\u00e3o interior.<\/p>\n","protected":false},"excerpt":{"rendered":"<p class=\"\" data-start=\"156\" data-end=\"232\"><strong data-start=\"156\" data-end=\"232\">Pir\u00e2mide de Orgonite com Quartzo Cristal \u2013 Energia Pura e Clareza Mental<\/strong><\/p>\n<p data-start=\"156\" data-end=\"232\">medidas 5x5x5cm<\/p>\n","protected":false},"featured_media":26451,"comment_status":"closed","ping_status":"closed","template":"","meta":[],"product_brand":[],"product_cat":[126,177],"product_tag":[],"class_list":{"0":"post-26444","1":"product","2":"type-product","3":"status-publish","4":"has-post-thumbnail","6":"product_cat-jardim-encantado","7":"product_cat-piramides-orgonite","9":"first","10":"instock","11":"shipping-taxable","12":"purchasable","13":"product-type-simple"},"_links":{"self":[{"href":"https:\/\/mystikus.dsignpoint.com\/pt-pt\/wp-json\/wp\/v2\/product\/26444","targetHints":{"allow":["GET"]}}],"collection":[{"href":"https:\/\/mystikus.dsignpoint.com\/pt-pt\/wp-json\/wp\/v2\/product"}],"about":[{"href":"https:\/\/mystikus.dsignpoint.com\/pt-pt\/wp-json\/wp\/v2\/types\/product"}],"replies":[{"embeddable":true,"href":"https:\/\/mystikus.dsignpoint.com\/pt-pt\/wp-json\/wp\/v2\/comments?post=26444"}],"wp:featuredmedia":[{"embeddable":true,"href":"https:\/\/mystikus.dsignpoint.com\/pt-pt\/wp-json\/wp\/v2\/media\/26451"}],"wp:attachment":[{"href":"https:\/\/mystikus.dsignpoint.com\/pt-pt\/wp-json\/wp\/v2\/media?parent=26444"}],"wp:term":[{"taxonomy":"product_brand","embeddable":true,"href":"https:\/\/mystikus.dsignpoint.com\/pt-pt\/wp-json\/wp\/v2\/product_brand?post=26444"},{"taxonomy":"product_cat","embeddable":true,"href":"https:\/\/mystikus.dsignpoint.com\/pt-pt\/wp-json\/wp\/v2\/product_cat?post=26444"},{"taxonomy":"product_tag","embeddable":true,"href":"https:\/\/mystikus.dsignpoint.com\/pt-pt\/wp-json\/wp\/v2\/product_tag?post=26444"}],"curies":[{"name":"wp","href":"https:\/\/api.w.org\/{rel}","templated":true}]}}