{"id":26455,"date":"2025-12-19T15:21:23","date_gmt":"2025-12-19T14:21:23","guid":{"rendered":"https:\/\/mystikus.dsignpoint.com\/?post_type=product&#038;p=26455"},"modified":"2025-12-19T15:26:53","modified_gmt":"2025-12-19T14:26:53","slug":"piramide-de-orgonite-com-quartzo-cristal-estrela-5-pontas-copia","status":"publish","type":"product","link":"https:\/\/mystikus.dsignpoint.com\/pt-pt\/producto\/piramide-de-orgonite-com-quartzo-cristal-estrela-5-pontas-copia\/","title":{"rendered":"Pir\u00e2mide de orgonite com l\u00e1pis-laz\u00fali"},"content":{"rendered":"<p data-start=\"98\" data-end=\"176\"><strong data-start=\"98\" data-end=\"176\">Pir\u00e2mide de Orgonite com L\u00e1pis-Laz\u00fali \u2013 Sabedoria, Intui\u00e7\u00e3o e Comunica\u00e7\u00e3o<\/strong><\/p>\n<p data-start=\"178\" data-end=\"203\"><strong data-start=\"178\" data-end=\"190\">Medidas:<\/strong> 5 \u00d7 5 \u00d7 5 cm<\/p>\n<p data-start=\"205\" data-end=\"584\">Descubra a energia profunda e ancestral do <strong data-start=\"250\" data-end=\"265\">l\u00e1pis-laz\u00fali<\/strong> com esta pir\u00e2mide de orgonite, elaborada artesanalmente para potenciar o equil\u00edbrio mental e espiritual. O l\u00e1pis-laz\u00fali \u00e9 uma pedra associada desde a antiguidade \u00e0 <strong data-start=\"435\" data-end=\"491\">sabedoria, \u00e0 verdade e \u00e0 expans\u00e3o da consci\u00eancia<\/strong>, sendo especialmente valorizada pela sua influ\u00eancia sobre a intui\u00e7\u00e3o e a comunica\u00e7\u00e3o clara. <\/p>\n<p data-start=\"586\" data-end=\"811\">A combina\u00e7\u00e3o de <strong data-start=\"604\" data-end=\"637\">resina, metais e l\u00e1pis-laz\u00fali<\/strong> converte esta pir\u00e2mide numa poderosa ferramenta de harmoniza\u00e7\u00e3o energ\u00e9tica, ideal para equilibrar o ambiente, favorecer a introspe\u00e7\u00e3o e apoiar pr\u00e1ticas espirituais.<\/p>\n<p data-start=\"813\" data-end=\"842\">\u2728 <strong data-start=\"815\" data-end=\"842\">Principais benef\u00edcios:<\/strong><\/p>\n<ul data-start=\"844\" data-end=\"1130\">\n<li data-start=\"844\" data-end=\"893\">\n<p data-start=\"846\" data-end=\"893\">Estimula a sabedoria interior e a intui\u00e7\u00e3o<\/p>\n<\/li>\n<li data-start=\"894\" data-end=\"953\">\n<p data-start=\"896\" data-end=\"953\">Favorece a comunica\u00e7\u00e3o clara e a express\u00e3o aut\u00eantica<\/p>\n<\/li>\n<li data-start=\"954\" data-end=\"1008\">\n<p data-start=\"956\" data-end=\"1008\">Ajuda a acalmar a mente e a reduzir o stress mental<\/p>\n<\/li>\n<li data-start=\"1009\" data-end=\"1060\">\n<p data-start=\"1011\" data-end=\"1060\">Potencia a medita\u00e7\u00e3o e a conex\u00e3o espiritual<\/p>\n<\/li>\n<li data-start=\"1061\" data-end=\"1130\">\n<p data-start=\"1063\" data-end=\"1130\">Contribui para a prote\u00e7\u00e3o energ\u00e9tica e para o equil\u00edbrio do ambiente<\/p>\n<\/li>\n<\/ul>\n<p data-start=\"1132\" data-end=\"1351\">Perfeita para espa\u00e7os de trabalho, estudo, medita\u00e7\u00e3o ou descanso, esta pir\u00e2mide de orgonite com l\u00e1pis-laz\u00fali \u00e9 ideal para quem procura <strong data-start=\"1270\" data-end=\"1334\">clareza mental, crescimento espiritual e harmonia energ\u00e9tica<\/strong> no seu dia a dia.<\/p>\n","protected":false},"excerpt":{"rendered":"<p data-start=\"98\" data-end=\"176\"><strong data-start=\"98\" data-end=\"176\">Pir\u00e2mide de Orgonite com L\u00e1pis-Laz\u00fali \u2013 Sabedoria, Intui\u00e7\u00e3o e Comunica\u00e7\u00e3o<\/strong><\/p>\n<p data-start=\"178\" data-end=\"203\"><strong data-start=\"178\" data-end=\"190\">Medidas:<\/strong> 5 \u00d7 5 \u00d7 5 cm<\/p>\n","protected":false},"featured_media":26459,"comment_status":"closed","ping_status":"closed","template":"","meta":[],"product_brand":[],"product_cat":[126,177],"product_tag":[],"class_list":{"0":"post-26455","1":"product","2":"type-product","3":"status-publish","4":"has-post-thumbnail","6":"product_cat-jardim-encantado","7":"product_cat-piramides-orgonite","9":"first","10":"outofstock","11":"shipping-taxable","12":"purchasable","13":"product-type-simple"},"_links":{"self":[{"href":"https:\/\/mystikus.dsignpoint.com\/pt-pt\/wp-json\/wp\/v2\/product\/26455","targetHints":{"allow":["GET"]}}],"collection":[{"href":"https:\/\/mystikus.dsignpoint.com\/pt-pt\/wp-json\/wp\/v2\/product"}],"about":[{"href":"https:\/\/mystikus.dsignpoint.com\/pt-pt\/wp-json\/wp\/v2\/types\/product"}],"replies":[{"embeddable":true,"href":"https:\/\/mystikus.dsignpoint.com\/pt-pt\/wp-json\/wp\/v2\/comments?post=26455"}],"wp:featuredmedia":[{"embeddable":true,"href":"https:\/\/mystikus.dsignpoint.com\/pt-pt\/wp-json\/wp\/v2\/media\/26459"}],"wp:attachment":[{"href":"https:\/\/mystikus.dsignpoint.com\/pt-pt\/wp-json\/wp\/v2\/media?parent=26455"}],"wp:term":[{"taxonomy":"product_brand","embeddable":true,"href":"https:\/\/mystikus.dsignpoint.com\/pt-pt\/wp-json\/wp\/v2\/product_brand?post=26455"},{"taxonomy":"product_cat","embeddable":true,"href":"https:\/\/mystikus.dsignpoint.com\/pt-pt\/wp-json\/wp\/v2\/product_cat?post=26455"},{"taxonomy":"product_tag","embeddable":true,"href":"https:\/\/mystikus.dsignpoint.com\/pt-pt\/wp-json\/wp\/v2\/product_tag?post=26455"}],"curies":[{"name":"wp","href":"https:\/\/api.w.org\/{rel}","templated":true}]}}